{"id":551,"date":"2020-01-05T13:16:55","date_gmt":"2020-01-05T12:16:55","guid":{"rendered":"https:\/\/formulastudent.uni-paderborn.de\/?page_id=551"},"modified":"2025-02-26T17:36:59","modified_gmt":"2025-02-26T16:36:59","slug":"unterstuetzer","status":"publish","type":"page","link":"https:\/\/formulastudent.uni-paderborn.de\/en\/partner\/unterstuetzer\/","title":{"rendered":"Supporters"},"content":{"rendered":"<div data-elementor-type=\"wp-page\" data-elementor-id=\"551\" class=\"elementor elementor-551\">\n\t\t\t\t\t\t<section class=\"elementor-section elementor-top-section elementor-element elementor-element-4e89481 elementor-section-height-min-height elementor-section-boxed elementor-section-height-default elementor-section-items-middle\" data-id=\"4e89481\" data-element_type=\"section\" data-e-type=\"section\" data-settings=\"{&quot;background_background&quot;:&quot;classic&quot;}\">\n\t\t\t\t\t\t<div class=\"elementor-container elementor-column-gap-default\">\n\t\t\t\t\t<div class=\"elementor-column elementor-col-100 elementor-top-column elementor-element elementor-element-cd5769b\" data-id=\"cd5769b\" data-element_type=\"column\" data-e-type=\"column\">\n\t\t\t<div class=\"elementor-widget-wrap\">\n\t\t\t\t\t\t\t<\/div>\n\t\t<\/div>\n\t\t\t\t\t<\/div>\n\t\t<\/section>\n\t\t\t\t<section class=\"elementor-section elementor-top-section elementor-element elementor-element-738653f elementor-section-boxed elementor-section-height-default elementor-section-height-default\" data-id=\"738653f\" data-element_type=\"section\" data-e-type=\"section\" data-settings=\"{&quot;background_background&quot;:&quot;classic&quot;}\">\n\t\t\t\t\t\t<div class=\"elementor-container elementor-column-gap-default\">\n\t\t\t\t\t<div class=\"elementor-column elementor-col-100 elementor-top-column elementor-element elementor-element-ab4625a\" data-id=\"ab4625a\" data-element_type=\"column\" data-e-type=\"column\">\n\t\t\t<div class=\"elementor-widget-wrap elementor-element-populated\">\n\t\t\t\t\t\t<div class=\"elementor-element elementor-element-cae0b6a elementor-widget elementor-widget-heading\" data-id=\"cae0b6a\" data-element_type=\"widget\" data-e-type=\"widget\" data-widget_type=\"heading.default\">\n\t\t\t\t<div class=\"elementor-widget-container\">\n\t\t\t\t\t<h1 class=\"elementor-heading-title elementor-size-default\">Supporters<\/h1>\t\t\t\t<\/div>\n\t\t\t\t<\/div>\n\t\t\t\t\t<\/div>\n\t\t<\/div>\n\t\t\t\t\t<\/div>\n\t\t<\/section>\n\t\t\t\t<section class=\"elementor-section elementor-top-section elementor-element elementor-element-28dc5d7 elementor-section-boxed elementor-section-height-default elementor-section-height-default\" data-id=\"28dc5d7\" data-element_type=\"section\" data-e-type=\"section\">\n\t\t\t\t\t\t<div class=\"elementor-container elementor-column-gap-default\">\n\t\t\t\t\t<div class=\"elementor-column elementor-col-100 elementor-top-column elementor-element elementor-element-d9573ec\" data-id=\"d9573ec\" data-element_type=\"column\" data-e-type=\"column\">\n\t\t\t<div class=\"elementor-widget-wrap elementor-element-populated\">\n\t\t\t\t\t\t\t<\/div>\n\t\t<\/div>\n\t\t\t\t\t<\/div>\n\t\t<\/section>\n\t\t\t\t<section class=\"elementor-section elementor-top-section elementor-element elementor-element-d7fd07f elementor-section-boxed elementor-section-height-default elementor-section-height-default\" data-id=\"d7fd07f\" data-element_type=\"section\" data-e-type=\"section\">\n\t\t\t\t\t\t<div class=\"elementor-container elementor-column-gap-default\">\n\t\t\t\t\t<div class=\"elementor-column elementor-col-33 elementor-top-column elementor-element elementor-element-5598633\" data-id=\"5598633\" data-element_type=\"column\" data-e-type=\"column\">\n\t\t\t<div class=\"elementor-widget-wrap elementor-element-populated\">\n\t\t\t\t\t\t<div class=\"elementor-element elementor-element-fd49870 elementor-widget elementor-widget-text-editor\" data-id=\"fd49870\" data-element_type=\"widget\" data-e-type=\"widget\" data-widget_type=\"text-editor.default\">\n\t\t\t\t<div class=\"elementor-widget-container\">\n\t\t\t\t\t\t\t\t\t<p><a href=\"https:\/\/www.fahrtraining-paderborn.de\/\">ADAC M\u00f6nkeloh<\/a><\/p><p><a href=\"https:\/\/www.kaiserkuhle.de\/\">ADAC R\u00fcthen<\/a><\/p><p><a href=\"https:\/\/www.altium.com\/de\">Altium<\/a><\/p><p><a href=\"https:\/\/asta.uni-paderborn.de\/\">AStA Universit\u00e4t Paderborn<\/a><\/p><p><a href=\"https:\/\/www.apem.com\/idec-apem\/de\">APEM<\/a><\/p><p><a href=\"https:\/\/www.boellhoff.com\/\">B\u00d6LLHOFF<\/a><\/p><p><a href=\"https:\/\/grauts.com\/\">Grauts<\/a><\/p><p><a href=\"https:\/\/www.heggemann.com\/de\/\">Heggemann AG<\/a><\/p>\t\t\t\t\t\t\t\t<\/div>\n\t\t\t\t<\/div>\n\t\t\t\t\t<\/div>\n\t\t<\/div>\n\t\t\t\t<div class=\"elementor-column elementor-col-33 elementor-top-column elementor-element elementor-element-8502209\" data-id=\"8502209\" data-element_type=\"column\" data-e-type=\"column\">\n\t\t\t<div class=\"elementor-widget-wrap elementor-element-populated\">\n\t\t\t\t\t\t<div class=\"elementor-element elementor-element-db5c287 elementor-widget elementor-widget-text-editor\" data-id=\"db5c287\" data-element_type=\"widget\" data-e-type=\"widget\" data-widget_type=\"text-editor.default\">\n\t\t\t\t<div class=\"elementor-widget-container\">\n\t\t\t\t\t\t\t\t\t<p><a href=\"https:\/\/www.h-r.com\/\">H&amp;R Spezialfedern<\/a><\/p><p><a href=\"https:\/\/www.hjtgmbh.de\/\">HJT GmbH<\/a><\/p><p><a href=\"https:\/\/www.igus.de\/\">igus GmbH<\/a><\/p><p><a href=\"https:\/\/www.isabellenhuette.de\/\">Isabelleh\u00fctte<\/a><\/p><p><a href=\"https:\/\/www.jbctools.com\/?srsltid=AfmBOopl5Dor7Ecz9Qj4XW6slrAXFVD-l8neZSjJ_8BBq-NMIbRloESp\">JBC<\/a><\/p><p><a href=\"https:\/\/baederlacke.eu\/\">Lackfabrik B\u00e4der GmbH &amp; Co.<\/a><\/p><p><a href=\"https:\/\/lsg-paderborn.de\/\">KGLuftsportgemeinschaft Paderborn e.V.<\/a><\/p><p><a href=\"https:\/\/www.mbgglobal.com\/\">MBG Group<\/a><\/p>\t\t\t\t\t\t\t\t<\/div>\n\t\t\t\t<\/div>\n\t\t\t\t\t<\/div>\n\t\t<\/div>\n\t\t\t\t<div class=\"elementor-column elementor-col-33 elementor-top-column elementor-element elementor-element-78b846a\" data-id=\"78b846a\" data-element_type=\"column\" data-e-type=\"column\">\n\t\t\t<div class=\"elementor-widget-wrap elementor-element-populated\">\n\t\t\t\t\t\t<div class=\"elementor-element elementor-element-319f63c elementor-widget elementor-widget-text-editor\" data-id=\"319f63c\" data-element_type=\"widget\" data-e-type=\"widget\" data-widget_type=\"text-editor.default\">\n\t\t\t\t<div class=\"elementor-widget-container\">\n\t\t\t\t\t\t\t\t\t<p><a href=\"https:\/\/noctua.at\/\">Noctua<\/a><\/p><p><a href=\"https:\/\/www.schroth.com\/de\/racing\/racing\/\">SCHROTH Safety<\/a><\/p><p><a href=\"https:\/\/www.sensata.com\/\">Sensata<\/a><\/p><p><a href=\"https:\/\/www.thw-paderborn.de\/home\/\">Technisches Hilfswerk OV Paderborn<\/a><\/p><p><a href=\"https:\/\/www.textreme.com\/\">Textreme<\/a><\/p><p><a href=\"https:\/\/www.xtrasport.net\/studios\/xtrasport-fitness-paderborn\/\">XTRASPORT Paderborn<\/a><\/p>\t\t\t\t\t\t\t\t<\/div>\n\t\t\t\t<\/div>\n\t\t\t\t\t<\/div>\n\t\t<\/div>\n\t\t\t\t\t<\/div>\n\t\t<\/section>\n\t\t\t\t<\/div>","protected":false},"excerpt":{"rendered":"<p>Unterst\u00fctzer ADAC M\u00f6nkeloh ADAC R\u00fcthen Altium AStA Universit\u00e4t Paderborn APEM B\u00d6LLHOFF Grauts Heggemann AG H&amp;R Spezialfedern HJT GmbH igus GmbH Isabelleh\u00fctte JBC Lackfabrik B\u00e4der GmbH &amp; Co. KGLuftsportgemeinschaft Paderborn e.V. MBG Group Noctua SCHROTH Safety Sensata Technisches Hilfswerk OV Paderborn Textreme XTRASPORT Paderborn<\/p>","protected":false},"author":24,"featured_media":0,"parent":403,"menu_order":0,"comment_status":"closed","ping_status":"closed","template":"","meta":{"footnotes":""},"class_list":["post-551","page","type-page","status-publish","hentry"],"yoast_head":"<!-- This site is optimized with the Yoast SEO plugin v24.0 - https:\/\/yoast.com\/wordpress\/plugins\/seo\/ -->\n<title>Unterst\u00fctzer - UPBracing Team<\/title>\n<meta name=\"robots\" content=\"index, follow, max-snippet:-1, max-image-preview:large, max-video-preview:-1\" \/>\n<link rel=\"canonical\" href=\"https:\/\/formulastudent.uni-paderborn.de\/en\/partner\/unterstuetzer\/\" \/>\n<meta property=\"og:locale\" content=\"en_GB\" \/>\n<meta property=\"og:type\" content=\"article\" \/>\n<meta property=\"og:title\" content=\"Unterst\u00fctzer - UPBracing Team\" \/>\n<meta property=\"og:description\" content=\"Unterst\u00fctzer ADAC M\u00f6nkeloh ADAC R\u00fcthen Altium AStA Universit\u00e4t Paderborn APEM B\u00d6LLHOFF Grauts Heggemann AG H&amp;R Spezialfedern HJT GmbH igus GmbH Isabelleh\u00fctte JBC Lackfabrik B\u00e4der GmbH &amp; Co. KGLuftsportgemeinschaft Paderborn e.V. MBG Group Noctua SCHROTH Safety Sensata Technisches Hilfswerk OV Paderborn Textreme XTRASPORT Paderborn\" \/>\n<meta property=\"og:url\" content=\"https:\/\/formulastudent.uni-paderborn.de\/en\/partner\/unterstuetzer\/\" \/>\n<meta property=\"og:site_name\" content=\"UPBracing Team\" \/>\n<meta property=\"article:publisher\" content=\"https:\/\/www.facebook.com\/UPBracingTeam\/\" \/>\n<meta property=\"article:modified_time\" content=\"2025-02-26T16:36:59+00:00\" \/>\n<meta name=\"twitter:card\" content=\"summary_large_image\" \/>\n<meta name=\"twitter:label1\" content=\"Estimated reading time\" \/>\n\t<meta name=\"twitter:data1\" content=\"1 minute\" \/>\n<script type=\"application\/ld+json\" class=\"yoast-schema-graph\">{\"@context\":\"https:\/\/schema.org\",\"@graph\":[{\"@type\":\"WebPage\",\"@id\":\"https:\/\/formulastudent.uni-paderborn.de\/partner\/unterstuetzer\/\",\"url\":\"https:\/\/formulastudent.uni-paderborn.de\/partner\/unterstuetzer\/\",\"name\":\"Unterst\u00fctzer - UPBracing Team\",\"isPartOf\":{\"@id\":\"https:\/\/formulastudent.uni-paderborn.de\/#website\"},\"datePublished\":\"2020-01-05T12:16:55+00:00\",\"dateModified\":\"2025-02-26T16:36:59+00:00\",\"breadcrumb\":{\"@id\":\"https:\/\/formulastudent.uni-paderborn.de\/partner\/unterstuetzer\/#breadcrumb\"},\"inLanguage\":\"en-GB\",\"potentialAction\":[{\"@type\":\"ReadAction\",\"target\":[\"https:\/\/formulastudent.uni-paderborn.de\/partner\/unterstuetzer\/\"]}]},{\"@type\":\"BreadcrumbList\",\"@id\":\"https:\/\/formulastudent.uni-paderborn.de\/partner\/unterstuetzer\/#breadcrumb\",\"itemListElement\":[{\"@type\":\"ListItem\",\"position\":1,\"name\":\"Startseite\",\"item\":\"https:\/\/formulastudent.uni-paderborn.de\/\"},{\"@type\":\"ListItem\",\"position\":2,\"name\":\"Partner\",\"item\":\"https:\/\/formulastudent.uni-paderborn.de\/partner\/\"},{\"@type\":\"ListItem\",\"position\":3,\"name\":\"Unterst\u00fctzer\"}]},{\"@type\":\"WebSite\",\"@id\":\"https:\/\/formulastudent.uni-paderborn.de\/#website\",\"url\":\"https:\/\/formulastudent.uni-paderborn.de\/\",\"name\":\"UPBracing Team\",\"description\":\"Formula Student Team der Universit\u00e4t Paderborn\",\"publisher\":{\"@id\":\"https:\/\/formulastudent.uni-paderborn.de\/#organization\"},\"potentialAction\":[{\"@type\":\"SearchAction\",\"target\":{\"@type\":\"EntryPoint\",\"urlTemplate\":\"https:\/\/formulastudent.uni-paderborn.de\/?s={search_term_string}\"},\"query-input\":{\"@type\":\"PropertyValueSpecification\",\"valueRequired\":true,\"valueName\":\"search_term_string\"}}],\"inLanguage\":\"en-GB\"},{\"@type\":\"Organization\",\"@id\":\"https:\/\/formulastudent.uni-paderborn.de\/#organization\",\"name\":\"UPBracing Team\",\"url\":\"https:\/\/formulastudent.uni-paderborn.de\/\",\"logo\":{\"@type\":\"ImageObject\",\"inLanguage\":\"en-GB\",\"@id\":\"https:\/\/formulastudent.uni-paderborn.de\/#\/schema\/logo\/image\/\",\"url\":\"https:\/\/formulastudent.uni-paderborn.de\/wp-content\/uploads\/2020\/01\/UPBracing_logo_wei\u00df.png\",\"contentUrl\":\"https:\/\/formulastudent.uni-paderborn.de\/wp-content\/uploads\/2020\/01\/UPBracing_logo_wei\u00df.png\",\"width\":2690,\"height\":1188,\"caption\":\"UPBracing Team\"},\"image\":{\"@id\":\"https:\/\/formulastudent.uni-paderborn.de\/#\/schema\/logo\/image\/\"},\"sameAs\":[\"https:\/\/www.facebook.com\/UPBracingTeam\/\",\"https:\/\/www.instagram.com\/upbracing_team\/\",\"https:\/\/www.tiktok.com\/@upbracing_team\",\"https:\/\/www.youtube.com\/channel\/UC_FefZO_S6IYQmXhJughTHA\"]}]}<\/script>\n<!-- \/ Yoast SEO plugin. -->","yoast_head_json":{"title":"Unterst\u00fctzer - UPBracing Team","robots":{"index":"index","follow":"follow","max-snippet":"max-snippet:-1","max-image-preview":"max-image-preview:large","max-video-preview":"max-video-preview:-1"},"canonical":"https:\/\/formulastudent.uni-paderborn.de\/en\/partner\/unterstuetzer\/","og_locale":"en_GB","og_type":"article","og_title":"Unterst\u00fctzer - UPBracing Team","og_description":"Unterst\u00fctzer ADAC M\u00f6nkeloh ADAC R\u00fcthen Altium AStA Universit\u00e4t Paderborn APEM B\u00d6LLHOFF Grauts Heggemann AG H&amp;R Spezialfedern HJT GmbH igus GmbH Isabelleh\u00fctte JBC Lackfabrik B\u00e4der GmbH &amp; Co. KGLuftsportgemeinschaft Paderborn e.V. MBG Group Noctua SCHROTH Safety Sensata Technisches Hilfswerk OV Paderborn Textreme XTRASPORT Paderborn","og_url":"https:\/\/formulastudent.uni-paderborn.de\/en\/partner\/unterstuetzer\/","og_site_name":"UPBracing Team","article_publisher":"https:\/\/www.facebook.com\/UPBracingTeam\/","article_modified_time":"2025-02-26T16:36:59+00:00","twitter_card":"summary_large_image","twitter_misc":{"Estimated reading time":"1 minute"},"schema":{"@context":"https:\/\/schema.org","@graph":[{"@type":"WebPage","@id":"https:\/\/formulastudent.uni-paderborn.de\/partner\/unterstuetzer\/","url":"https:\/\/formulastudent.uni-paderborn.de\/partner\/unterstuetzer\/","name":"Unterst\u00fctzer - UPBracing Team","isPartOf":{"@id":"https:\/\/formulastudent.uni-paderborn.de\/#website"},"datePublished":"2020-01-05T12:16:55+00:00","dateModified":"2025-02-26T16:36:59+00:00","breadcrumb":{"@id":"https:\/\/formulastudent.uni-paderborn.de\/partner\/unterstuetzer\/#breadcrumb"},"inLanguage":"en-GB","potentialAction":[{"@type":"ReadAction","target":["https:\/\/formulastudent.uni-paderborn.de\/partner\/unterstuetzer\/"]}]},{"@type":"BreadcrumbList","@id":"https:\/\/formulastudent.uni-paderborn.de\/partner\/unterstuetzer\/#breadcrumb","itemListElement":[{"@type":"ListItem","position":1,"name":"Startseite","item":"https:\/\/formulastudent.uni-paderborn.de\/"},{"@type":"ListItem","position":2,"name":"Partner","item":"https:\/\/formulastudent.uni-paderborn.de\/partner\/"},{"@type":"ListItem","position":3,"name":"Unterst\u00fctzer"}]},{"@type":"WebSite","@id":"https:\/\/formulastudent.uni-paderborn.de\/#website","url":"https:\/\/formulastudent.uni-paderborn.de\/","name":"UPBracing Team","description":"Formula Student Team der Universit\u00e4t Paderborn","publisher":{"@id":"https:\/\/formulastudent.uni-paderborn.de\/#organization"},"potentialAction":[{"@type":"SearchAction","target":{"@type":"EntryPoint","urlTemplate":"https:\/\/formulastudent.uni-paderborn.de\/?s={search_term_string}"},"query-input":{"@type":"PropertyValueSpecification","valueRequired":true,"valueName":"search_term_string"}}],"inLanguage":"en-GB"},{"@type":"Organization","@id":"https:\/\/formulastudent.uni-paderborn.de\/#organization","name":"UPBracing Team","url":"https:\/\/formulastudent.uni-paderborn.de\/","logo":{"@type":"ImageObject","inLanguage":"en-GB","@id":"https:\/\/formulastudent.uni-paderborn.de\/#\/schema\/logo\/image\/","url":"https:\/\/formulastudent.uni-paderborn.de\/wp-content\/uploads\/2020\/01\/UPBracing_logo_wei\u00df.png","contentUrl":"https:\/\/formulastudent.uni-paderborn.de\/wp-content\/uploads\/2020\/01\/UPBracing_logo_wei\u00df.png","width":2690,"height":1188,"caption":"UPBracing Team"},"image":{"@id":"https:\/\/formulastudent.uni-paderborn.de\/#\/schema\/logo\/image\/"},"sameAs":["https:\/\/www.facebook.com\/UPBracingTeam\/","https:\/\/www.instagram.com\/upbracing_team\/","https:\/\/www.tiktok.com\/@upbracing_team","https:\/\/www.youtube.com\/channel\/UC_FefZO_S6IYQmXhJughTHA"]}]}},"_links":{"self":[{"href":"https:\/\/formulastudent.uni-paderborn.de\/en\/wp-json\/wp\/v2\/pages\/551","targetHints":{"allow":["GET"]}}],"collection":[{"href":"https:\/\/formulastudent.uni-paderborn.de\/en\/wp-json\/wp\/v2\/pages"}],"about":[{"href":"https:\/\/formulastudent.uni-paderborn.de\/en\/wp-json\/wp\/v2\/types\/page"}],"author":[{"embeddable":true,"href":"https:\/\/formulastudent.uni-paderborn.de\/en\/wp-json\/wp\/v2\/users\/24"}],"replies":[{"embeddable":true,"href":"https:\/\/formulastudent.uni-paderborn.de\/en\/wp-json\/wp\/v2\/comments?post=551"}],"version-history":[{"count":170,"href":"https:\/\/formulastudent.uni-paderborn.de\/en\/wp-json\/wp\/v2\/pages\/551\/revisions"}],"predecessor-version":[{"id":10021,"href":"https:\/\/formulastudent.uni-paderborn.de\/en\/wp-json\/wp\/v2\/pages\/551\/revisions\/10021"}],"up":[{"embeddable":true,"href":"https:\/\/formulastudent.uni-paderborn.de\/en\/wp-json\/wp\/v2\/pages\/403"}],"wp:attachment":[{"href":"https:\/\/formulastudent.uni-paderborn.de\/en\/wp-json\/wp\/v2\/media?parent=551"}],"curies":[{"name":"wp","href":"https:\/\/api.w.org\/{rel}","templated":true}]}}