{"id":452,"date":"2020-01-05T01:52:27","date_gmt":"2020-01-05T00:52:27","guid":{"rendered":"https:\/\/formulastudent.uni-paderborn.de\/?page_id=452"},"modified":"2022-10-06T10:58:10","modified_gmt":"2022-10-06T08:58:10","slug":"kontakt","status":"publish","type":"page","link":"https:\/\/formulastudent.uni-paderborn.de\/en\/kontakt\/","title":{"rendered":"Contact"},"content":{"rendered":"<div data-elementor-type=\"wp-page\" data-elementor-id=\"452\" class=\"elementor elementor-452\">\n\t\t\t\t\t\t<section class=\"elementor-section elementor-top-section elementor-element elementor-element-7682a23 elementor-section-height-min-height elementor-section-boxed elementor-section-height-default elementor-section-items-middle\" data-id=\"7682a23\" data-element_type=\"section\" data-e-type=\"section\" data-settings=\"{&quot;background_background&quot;:&quot;classic&quot;}\">\n\t\t\t\t\t\t<div class=\"elementor-container elementor-column-gap-default\">\n\t\t\t\t\t<div class=\"elementor-column elementor-col-100 elementor-top-column elementor-element elementor-element-63f8e92\" data-id=\"63f8e92\" data-element_type=\"column\" data-e-type=\"column\">\n\t\t\t<div class=\"elementor-widget-wrap\">\n\t\t\t\t\t\t\t<\/div>\n\t\t<\/div>\n\t\t\t\t\t<\/div>\n\t\t<\/section>\n\t\t\t\t<section class=\"elementor-section elementor-top-section elementor-element elementor-element-b75d31e elementor-section-boxed elementor-section-height-default elementor-section-height-default\" data-id=\"b75d31e\" data-element_type=\"section\" data-e-type=\"section\" data-settings=\"{&quot;background_background&quot;:&quot;classic&quot;}\">\n\t\t\t\t\t\t<div class=\"elementor-container elementor-column-gap-default\">\n\t\t\t\t\t<div class=\"elementor-column elementor-col-100 elementor-top-column elementor-element elementor-element-514df90\" data-id=\"514df90\" data-element_type=\"column\" data-e-type=\"column\">\n\t\t\t<div class=\"elementor-widget-wrap elementor-element-populated\">\n\t\t\t\t\t\t<div class=\"elementor-element elementor-element-cc1af85 elementor-widget elementor-widget-spacer\" data-id=\"cc1af85\" data-element_type=\"widget\" data-e-type=\"widget\" data-widget_type=\"spacer.default\">\n\t\t\t\t<div class=\"elementor-widget-container\">\n\t\t\t\t\t\t\t<div class=\"elementor-spacer\">\n\t\t\t<div class=\"elementor-spacer-inner\"><\/div>\n\t\t<\/div>\n\t\t\t\t\t\t<\/div>\n\t\t\t\t<\/div>\n\t\t\t\t\t<\/div>\n\t\t<\/div>\n\t\t\t\t\t<\/div>\n\t\t<\/section>\n\t\t\t\t<section class=\"elementor-section elementor-top-section elementor-element elementor-element-7cf9a88 elementor-section-boxed elementor-section-height-default elementor-section-height-default\" data-id=\"7cf9a88\" data-element_type=\"section\" data-e-type=\"section\" data-settings=\"{&quot;background_background&quot;:&quot;classic&quot;}\">\n\t\t\t\t\t\t<div class=\"elementor-container elementor-column-gap-default\">\n\t\t\t\t\t<div class=\"elementor-column elementor-col-100 elementor-top-column elementor-element elementor-element-39674b3\" data-id=\"39674b3\" data-element_type=\"column\" data-e-type=\"column\">\n\t\t\t<div class=\"elementor-widget-wrap elementor-element-populated\">\n\t\t\t\t\t\t<div class=\"elementor-element elementor-element-1477033 elementor-widget elementor-widget-heading\" data-id=\"1477033\" data-element_type=\"widget\" data-e-type=\"widget\" data-widget_type=\"heading.default\">\n\t\t\t\t<div class=\"elementor-widget-container\">\n\t\t\t\t\t<h1 class=\"elementor-heading-title elementor-size-default\">Whether as a partner or as a member...<\/h1>\t\t\t\t<\/div>\n\t\t\t\t<\/div>\n\t\t\t\t\t<\/div>\n\t\t<\/div>\n\t\t\t\t\t<\/div>\n\t\t<\/section>\n\t\t\t\t<section class=\"elementor-section elementor-top-section elementor-element elementor-element-21b40db elementor-section-boxed elementor-section-height-default elementor-section-height-default\" data-id=\"21b40db\" data-element_type=\"section\" data-e-type=\"section\" data-settings=\"{&quot;background_background&quot;:&quot;classic&quot;}\">\n\t\t\t\t\t\t<div class=\"elementor-container elementor-column-gap-default\">\n\t\t\t\t\t<div class=\"elementor-column elementor-col-100 elementor-top-column elementor-element elementor-element-bddf131\" data-id=\"bddf131\" data-element_type=\"column\" data-e-type=\"column\">\n\t\t\t<div class=\"elementor-widget-wrap elementor-element-populated\">\n\t\t\t\t\t\t<div class=\"elementor-element elementor-element-f89f38c elementor-widget elementor-widget-heading\" data-id=\"f89f38c\" data-element_type=\"widget\" data-e-type=\"widget\" data-widget_type=\"heading.default\">\n\t\t\t\t<div class=\"elementor-widget-container\">\n\t\t\t\t\t<h2 class=\"elementor-heading-title elementor-size-default\">... it pays to join in!<\/h2>\t\t\t\t<\/div>\n\t\t\t\t<\/div>\n\t\t\t\t\t<\/div>\n\t\t<\/div>\n\t\t\t\t\t<\/div>\n\t\t<\/section>\n\t\t\t\t<section class=\"elementor-section elementor-top-section elementor-element elementor-element-19db348 elementor-section-boxed elementor-section-height-default elementor-section-height-default\" data-id=\"19db348\" data-element_type=\"section\" data-e-type=\"section\">\n\t\t\t\t\t\t<div class=\"elementor-container elementor-column-gap-default\">\n\t\t\t\t\t<div class=\"elementor-column elementor-col-100 elementor-top-column elementor-element elementor-element-55e1a96\" data-id=\"55e1a96\" data-element_type=\"column\" data-e-type=\"column\">\n\t\t\t<div class=\"elementor-widget-wrap elementor-element-populated\">\n\t\t\t\t\t\t<div class=\"elementor-element elementor-element-50f9aee elementor-widget-divider--view-line elementor-widget elementor-widget-divider\" data-id=\"50f9aee\" data-element_type=\"widget\" data-e-type=\"widget\" data-widget_type=\"divider.default\">\n\t\t\t\t<div class=\"elementor-widget-container\">\n\t\t\t\t\t\t\t<div class=\"elementor-divider\">\n\t\t\t<span class=\"elementor-divider-separator\">\n\t\t\t\t\t\t<\/span>\n\t\t<\/div>\n\t\t\t\t\t\t<\/div>\n\t\t\t\t<\/div>\n\t\t\t\t\t<\/div>\n\t\t<\/div>\n\t\t\t\t\t<\/div>\n\t\t<\/section>\n\t\t\t\t<section class=\"elementor-section elementor-top-section elementor-element elementor-element-7bc199e elementor-section-boxed elementor-section-height-default elementor-section-height-default\" data-id=\"7bc199e\" data-element_type=\"section\" data-e-type=\"section\">\n\t\t\t\t\t\t<div class=\"elementor-container elementor-column-gap-default\">\n\t\t\t\t\t<div class=\"elementor-column elementor-col-100 elementor-top-column elementor-element elementor-element-0d45128\" data-id=\"0d45128\" data-element_type=\"column\" data-e-type=\"column\">\n\t\t\t<div class=\"elementor-widget-wrap elementor-element-populated\">\n\t\t\t\t\t\t<div class=\"elementor-element elementor-element-dd50fd0 elementor-align-center elementor-mobile-align-center elementor-widget elementor-widget-button\" data-id=\"dd50fd0\" data-element_type=\"widget\" data-e-type=\"widget\" data-widget_type=\"button.default\">\n\t\t\t\t<div class=\"elementor-widget-container\">\n\t\t\t\t\t\t\t\t\t<div class=\"elementor-button-wrapper\">\n\t\t\t\t\t<a class=\"elementor-button elementor-button-link elementor-size-xl elementor-animation-shrink\" href=\"https:\/\/formulastudent.uni-paderborn.de\/en\/contact\/.\/\">\n\t\t\t\t\t\t<span class=\"elementor-button-content-wrapper\">\n\t\t\t\t\t\t\t\t\t<span class=\"elementor-button-text\">Our contact form<\/span>\n\t\t\t\t\t<\/span>\n\t\t\t\t\t<\/a>\n\t\t\t\t<\/div>\n\t\t\t\t\t\t\t\t<\/div>\n\t\t\t\t<\/div>\n\t\t\t\t\t<\/div>\n\t\t<\/div>\n\t\t\t\t\t<\/div>\n\t\t<\/section>\n\t\t\t\t<section class=\"elementor-section elementor-top-section elementor-element elementor-element-67bc92b elementor-section-boxed elementor-section-height-default elementor-section-height-default\" data-id=\"67bc92b\" data-element_type=\"section\" data-e-type=\"section\">\n\t\t\t\t\t\t<div class=\"elementor-container elementor-column-gap-default\">\n\t\t\t\t\t<div class=\"elementor-column elementor-col-100 elementor-top-column elementor-element elementor-element-0d09970\" data-id=\"0d09970\" data-element_type=\"column\" data-e-type=\"column\">\n\t\t\t<div class=\"elementor-widget-wrap elementor-element-populated\">\n\t\t\t\t\t\t<div class=\"elementor-element elementor-element-6068321 elementor-widget elementor-widget-text-editor\" data-id=\"6068321\" data-element_type=\"widget\" data-e-type=\"widget\" data-widget_type=\"text-editor.default\">\n\t\t\t\t<div class=\"elementor-widget-container\">\n\t\t\t\t\t\t\t\t\t<h2 style=\"text-align: center;\">Teammeeting every week on Mondays and Thursdays <br>6 pm in our workshop in building SP2<\/h2>\n<h3 style=\"text-align: center;\">See You soon!<\/h3>\t\t\t\t\t\t\t\t<\/div>\n\t\t\t\t<\/div>\n\t\t\t\t\t<\/div>\n\t\t<\/div>\n\t\t\t\t\t<\/div>\n\t\t<\/section>\n\t\t\t\t<section class=\"elementor-section elementor-top-section elementor-element elementor-element-b8a6373 elementor-section-boxed elementor-section-height-default elementor-section-height-default\" data-id=\"b8a6373\" data-element_type=\"section\" data-e-type=\"section\">\n\t\t\t\t\t\t<div class=\"elementor-container elementor-column-gap-default\">\n\t\t\t\t\t<div class=\"elementor-column elementor-col-100 elementor-top-column elementor-element elementor-element-7456013\" data-id=\"7456013\" data-element_type=\"column\" data-e-type=\"column\">\n\t\t\t<div class=\"elementor-widget-wrap elementor-element-populated\">\n\t\t\t\t\t\t<div class=\"elementor-element elementor-element-e0e5d8b elementor-widget-divider--view-line elementor-widget elementor-widget-divider\" data-id=\"e0e5d8b\" data-element_type=\"widget\" data-e-type=\"widget\" data-widget_type=\"divider.default\">\n\t\t\t\t<div class=\"elementor-widget-container\">\n\t\t\t\t\t\t\t<div class=\"elementor-divider\">\n\t\t\t<span class=\"elementor-divider-separator\">\n\t\t\t\t\t\t<\/span>\n\t\t<\/div>\n\t\t\t\t\t\t<\/div>\n\t\t\t\t<\/div>\n\t\t\t\t\t<\/div>\n\t\t<\/div>\n\t\t\t\t\t<\/div>\n\t\t<\/section>\n\t\t\t\t<section class=\"elementor-section elementor-top-section elementor-element elementor-element-0adf35c elementor-section-boxed elementor-section-height-default elementor-section-height-default\" data-id=\"0adf35c\" data-element_type=\"section\" data-e-type=\"section\">\n\t\t\t\t\t\t<div class=\"elementor-container elementor-column-gap-default\">\n\t\t\t\t\t<div class=\"elementor-column elementor-col-50 elementor-top-column elementor-element elementor-element-771043b\" data-id=\"771043b\" data-element_type=\"column\" data-e-type=\"column\">\n\t\t\t<div class=\"elementor-widget-wrap elementor-element-populated\">\n\t\t\t\t\t\t<div class=\"elementor-element elementor-element-d59e8f3 elementor-position-inline-start elementor-view-default elementor-mobile-position-block-start elementor-widget elementor-widget-icon-box\" data-id=\"d59e8f3\" data-element_type=\"widget\" data-e-type=\"widget\" data-widget_type=\"icon-box.default\">\n\t\t\t\t<div class=\"elementor-widget-container\">\n\t\t\t\t\t\t\t<div class=\"elementor-icon-box-wrapper\">\n\n\t\t\t\t\t\t<div class=\"elementor-icon-box-icon\">\n\t\t\t\t<span  class=\"elementor-icon\">\n\t\t\t\t<i aria-hidden=\"true\" class=\"fab fa-whatsapp-square\"><\/i>\t\t\t\t<\/span>\n\t\t\t<\/div>\n\t\t\t\n\t\t\t\t\t\t<div class=\"elementor-icon-box-content\">\n\n\t\t\t\t\t\t\t\t\t<h2 class=\"elementor-icon-box-title\">\n\t\t\t\t\t\t<span  >\n\t\t\t\t\t\t\tWhatsApp interest group\t\t\t\t\t\t<\/span>\n\t\t\t\t\t<\/h2>\n\t\t\t\t\n\t\t\t\t\t\t\t\t\t<p class=\"elementor-icon-box-description\">\n\t\t\t\t\t\tDo you want to contact us without any obligations?<br><br>- reach out to the right contact persons<br>- stay up to date and get information regularly<br>- inform yourself about the newest themes and topics \t\t\t\t\t<\/p>\n\t\t\t\t\n\t\t\t<\/div>\n\t\t\t\n\t\t<\/div>\n\t\t\t\t\t\t<\/div>\n\t\t\t\t<\/div>\n\t\t\t\t\t<\/div>\n\t\t<\/div>\n\t\t\t\t<div class=\"elementor-column elementor-col-50 elementor-top-column elementor-element elementor-element-49d79d8\" data-id=\"49d79d8\" data-element_type=\"column\" data-e-type=\"column\">\n\t\t\t<div class=\"elementor-widget-wrap elementor-element-populated\">\n\t\t\t\t\t\t<div class=\"elementor-element elementor-element-ca168b9 elementor-widget elementor-widget-image\" data-id=\"ca168b9\" data-element_type=\"widget\" data-e-type=\"widget\" data-widget_type=\"image.default\">\n\t\t\t\t<div class=\"elementor-widget-container\">\n\t\t\t\t\t\t\t\t\t\t\t\t<figure class=\"wp-caption\">\n\t\t\t\t\t\t\t\t\t\t\t<a href=\"https:\/\/chat.whatsapp.com\/HL0p1bfHT8BJYcoIa356AI\">\n\t\t\t\t\t\t\t<img fetchpriority=\"high\" decoding=\"async\" width=\"300\" height=\"300\" src=\"https:\/\/formulastudent.uni-paderborn.de\/wp-content\/uploads\/2020\/04\/Whatsapp-Interessenten-Gruppe.png\" class=\"attachment-medium size-medium wp-image-1418\" alt=\"\" srcset=\"https:\/\/formulastudent.uni-paderborn.de\/wp-content\/uploads\/2020\/04\/Whatsapp-Interessenten-Gruppe.png 300w, https:\/\/formulastudent.uni-paderborn.de\/wp-content\/uploads\/2020\/04\/Whatsapp-Interessenten-Gruppe-150x150.png 150w\" sizes=\"(max-width: 300px) 100vw, 300px\" \/>\t\t\t\t\t\t\t\t<\/a>\n\t\t\t\t\t\t\t\t\t\t\t<figcaption class=\"widget-image-caption wp-caption-text\"><\/figcaption>\n\t\t\t\t\t\t\t\t\t\t<\/figure>\n\t\t\t\t\t\t\t\t\t<\/div>\n\t\t\t\t<\/div>\n\t\t\t\t\t<\/div>\n\t\t<\/div>\n\t\t\t\t\t<\/div>\n\t\t<\/section>\n\t\t\t\t<section class=\"elementor-section elementor-top-section elementor-element elementor-element-06c4135 elementor-section-boxed elementor-section-height-default elementor-section-height-default\" data-id=\"06c4135\" data-element_type=\"section\" data-e-type=\"section\">\n\t\t\t\t\t\t<div class=\"elementor-container elementor-column-gap-default\">\n\t\t\t\t\t<div class=\"elementor-column elementor-col-100 elementor-top-column elementor-element elementor-element-b621451\" data-id=\"b621451\" data-element_type=\"column\" data-e-type=\"column\">\n\t\t\t<div class=\"elementor-widget-wrap elementor-element-populated\">\n\t\t\t\t\t\t<div class=\"elementor-element elementor-element-7dfa793 elementor-widget-divider--view-line elementor-widget elementor-widget-divider\" data-id=\"7dfa793\" data-element_type=\"widget\" data-e-type=\"widget\" data-widget_type=\"divider.default\">\n\t\t\t\t<div class=\"elementor-widget-container\">\n\t\t\t\t\t\t\t<div class=\"elementor-divider\">\n\t\t\t<span class=\"elementor-divider-separator\">\n\t\t\t\t\t\t<\/span>\n\t\t<\/div>\n\t\t\t\t\t\t<\/div>\n\t\t\t\t<\/div>\n\t\t\t\t\t<\/div>\n\t\t<\/div>\n\t\t\t\t\t<\/div>\n\t\t<\/section>\n\t\t\t\t<section class=\"elementor-section elementor-top-section elementor-element elementor-element-32e7b98 elementor-section-boxed elementor-section-height-default elementor-section-height-default\" data-id=\"32e7b98\" data-element_type=\"section\" data-e-type=\"section\">\n\t\t\t\t\t\t<div class=\"elementor-container elementor-column-gap-default\">\n\t\t\t\t\t<div class=\"elementor-column elementor-col-100 elementor-top-column elementor-element elementor-element-c0461fb\" data-id=\"c0461fb\" data-element_type=\"column\" data-e-type=\"column\">\n\t\t\t<div class=\"elementor-widget-wrap\">\n\t\t\t\t\t\t\t<\/div>\n\t\t<\/div>\n\t\t\t\t\t<\/div>\n\t\t<\/section>\n\t\t\t\t<\/div>","protected":false},"excerpt":{"rendered":"<p>Ob als Partner oder als Mitglied&#8230; &#8230; mitmachen lohnt sich! Hier geht&#8217;s zum Kontaktformular Teamtreffen jede Woche Montags &amp; Donnerstags ab 18:00Uhr in unserer Werkstatt in SP2 Wir sehen uns! WhatsApp-Interessentengruppe Du m\u00f6chtest ganz unverbindlich ersten Kontakt aufnehmen? &gt; erhalte erste Ansprechpartner im Team&gt; bleib&#8216; Up to Date mit regelm\u00e4\u00dfigen Informationen&gt; informiere dich \u00fcber aktuelle &hellip;<\/p>\n<p class=\"read-more\"> <a class=\"\" href=\"https:\/\/formulastudent.uni-paderborn.de\/en\/kontakt\/\"> <span class=\"screen-reader-text\">Contact<\/span> Read More &raquo;<\/a><\/p>","protected":false},"author":24,"featured_media":0,"parent":0,"menu_order":0,"comment_status":"closed","ping_status":"closed","template":"","meta":{"footnotes":""},"class_list":["post-452","page","type-page","status-publish","hentry"],"yoast_head":"<!-- This site is optimized with the Yoast SEO plugin v24.0 - https:\/\/yoast.com\/wordpress\/plugins\/seo\/ -->\n<title>Kontakt - UPBracing Team<\/title>\n<meta name=\"robots\" content=\"index, follow, max-snippet:-1, max-image-preview:large, max-video-preview:-1\" \/>\n<link rel=\"canonical\" href=\"https:\/\/formulastudent.uni-paderborn.de\/en\/kontakt\/\" \/>\n<meta property=\"og:locale\" content=\"en_GB\" \/>\n<meta property=\"og:type\" content=\"article\" \/>\n<meta property=\"og:title\" content=\"Kontakt - UPBracing Team\" \/>\n<meta property=\"og:description\" content=\"Ob als Partner oder als Mitglied&#8230; &#8230; mitmachen lohnt sich! Hier geht&#8217;s zum Kontaktformular Teamtreffen jede Woche Montags &amp; Donnerstags ab 18:00Uhr in unserer Werkstatt in SP2 Wir sehen uns! WhatsApp-Interessentengruppe Du m\u00f6chtest ganz unverbindlich ersten Kontakt aufnehmen? &gt; erhalte erste Ansprechpartner im Team&gt; bleib&#8216; Up to Date mit regelm\u00e4\u00dfigen Informationen&gt; informiere dich \u00fcber aktuelle &hellip; Kontakt Read More &raquo;\" \/>\n<meta property=\"og:url\" content=\"https:\/\/formulastudent.uni-paderborn.de\/en\/kontakt\/\" \/>\n<meta property=\"og:site_name\" content=\"UPBracing Team\" \/>\n<meta property=\"article:publisher\" content=\"https:\/\/www.facebook.com\/UPBracingTeam\/\" \/>\n<meta property=\"article:modified_time\" content=\"2022-10-06T08:58:10+00:00\" \/>\n<meta property=\"og:image\" content=\"https:\/\/formulastudent.uni-paderborn.de\/wp-content\/uploads\/2020\/04\/Whatsapp-Interessenten-Gruppe.png\" \/>\n\t<meta property=\"og:image:width\" content=\"300\" \/>\n\t<meta property=\"og:image:height\" content=\"300\" \/>\n\t<meta property=\"og:image:type\" content=\"image\/png\" \/>\n<meta name=\"twitter:card\" content=\"summary_large_image\" \/>\n<script type=\"application\/ld+json\" class=\"yoast-schema-graph\">{\"@context\":\"https:\/\/schema.org\",\"@graph\":[{\"@type\":\"WebPage\",\"@id\":\"https:\/\/formulastudent.uni-paderborn.de\/kontakt\/\",\"url\":\"https:\/\/formulastudent.uni-paderborn.de\/kontakt\/\",\"name\":\"Kontakt - UPBracing Team\",\"isPartOf\":{\"@id\":\"https:\/\/formulastudent.uni-paderborn.de\/#website\"},\"primaryImageOfPage\":{\"@id\":\"https:\/\/formulastudent.uni-paderborn.de\/kontakt\/#primaryimage\"},\"image\":{\"@id\":\"https:\/\/formulastudent.uni-paderborn.de\/kontakt\/#primaryimage\"},\"thumbnailUrl\":\"https:\/\/formulastudent.uni-paderborn.de\/wp-content\/uploads\/2020\/04\/Whatsapp-Interessenten-Gruppe.png\",\"datePublished\":\"2020-01-05T00:52:27+00:00\",\"dateModified\":\"2022-10-06T08:58:10+00:00\",\"breadcrumb\":{\"@id\":\"https:\/\/formulastudent.uni-paderborn.de\/kontakt\/#breadcrumb\"},\"inLanguage\":\"en-GB\",\"potentialAction\":[{\"@type\":\"ReadAction\",\"target\":[\"https:\/\/formulastudent.uni-paderborn.de\/kontakt\/\"]}]},{\"@type\":\"ImageObject\",\"inLanguage\":\"en-GB\",\"@id\":\"https:\/\/formulastudent.uni-paderborn.de\/kontakt\/#primaryimage\",\"url\":\"https:\/\/formulastudent.uni-paderborn.de\/wp-content\/uploads\/2020\/04\/Whatsapp-Interessenten-Gruppe.png\",\"contentUrl\":\"https:\/\/formulastudent.uni-paderborn.de\/wp-content\/uploads\/2020\/04\/Whatsapp-Interessenten-Gruppe.png\"},{\"@type\":\"BreadcrumbList\",\"@id\":\"https:\/\/formulastudent.uni-paderborn.de\/kontakt\/#breadcrumb\",\"itemListElement\":[{\"@type\":\"ListItem\",\"position\":1,\"name\":\"Startseite\",\"item\":\"https:\/\/formulastudent.uni-paderborn.de\/\"},{\"@type\":\"ListItem\",\"position\":2,\"name\":\"Kontakt\"}]},{\"@type\":\"WebSite\",\"@id\":\"https:\/\/formulastudent.uni-paderborn.de\/#website\",\"url\":\"https:\/\/formulastudent.uni-paderborn.de\/\",\"name\":\"UPBracing Team\",\"description\":\"Formula Student Team der Universit\u00e4t Paderborn\",\"publisher\":{\"@id\":\"https:\/\/formulastudent.uni-paderborn.de\/#organization\"},\"potentialAction\":[{\"@type\":\"SearchAction\",\"target\":{\"@type\":\"EntryPoint\",\"urlTemplate\":\"https:\/\/formulastudent.uni-paderborn.de\/?s={search_term_string}\"},\"query-input\":{\"@type\":\"PropertyValueSpecification\",\"valueRequired\":true,\"valueName\":\"search_term_string\"}}],\"inLanguage\":\"en-GB\"},{\"@type\":\"Organization\",\"@id\":\"https:\/\/formulastudent.uni-paderborn.de\/#organization\",\"name\":\"UPBracing Team\",\"url\":\"https:\/\/formulastudent.uni-paderborn.de\/\",\"logo\":{\"@type\":\"ImageObject\",\"inLanguage\":\"en-GB\",\"@id\":\"https:\/\/formulastudent.uni-paderborn.de\/#\/schema\/logo\/image\/\",\"url\":\"https:\/\/formulastudent.uni-paderborn.de\/wp-content\/uploads\/2020\/01\/UPBracing_logo_wei\u00df.png\",\"contentUrl\":\"https:\/\/formulastudent.uni-paderborn.de\/wp-content\/uploads\/2020\/01\/UPBracing_logo_wei\u00df.png\",\"width\":2690,\"height\":1188,\"caption\":\"UPBracing Team\"},\"image\":{\"@id\":\"https:\/\/formulastudent.uni-paderborn.de\/#\/schema\/logo\/image\/\"},\"sameAs\":[\"https:\/\/www.facebook.com\/UPBracingTeam\/\",\"https:\/\/www.instagram.com\/upbracing_team\/\",\"https:\/\/www.tiktok.com\/@upbracing_team\",\"https:\/\/www.youtube.com\/channel\/UC_FefZO_S6IYQmXhJughTHA\"]}]}<\/script>\n<!-- \/ Yoast SEO plugin. -->","yoast_head_json":{"title":"Kontakt - UPBracing Team","robots":{"index":"index","follow":"follow","max-snippet":"max-snippet:-1","max-image-preview":"max-image-preview:large","max-video-preview":"max-video-preview:-1"},"canonical":"https:\/\/formulastudent.uni-paderborn.de\/en\/kontakt\/","og_locale":"en_GB","og_type":"article","og_title":"Kontakt - UPBracing Team","og_description":"Ob als Partner oder als Mitglied&#8230; &#8230; mitmachen lohnt sich! Hier geht&#8217;s zum Kontaktformular Teamtreffen jede Woche Montags &amp; Donnerstags ab 18:00Uhr in unserer Werkstatt in SP2 Wir sehen uns! WhatsApp-Interessentengruppe Du m\u00f6chtest ganz unverbindlich ersten Kontakt aufnehmen? &gt; erhalte erste Ansprechpartner im Team&gt; bleib&#8216; Up to Date mit regelm\u00e4\u00dfigen Informationen&gt; informiere dich \u00fcber aktuelle &hellip; Kontakt Read More &raquo;","og_url":"https:\/\/formulastudent.uni-paderborn.de\/en\/kontakt\/","og_site_name":"UPBracing Team","article_publisher":"https:\/\/www.facebook.com\/UPBracingTeam\/","article_modified_time":"2022-10-06T08:58:10+00:00","og_image":[{"width":300,"height":300,"url":"https:\/\/formulastudent.uni-paderborn.de\/wp-content\/uploads\/2020\/04\/Whatsapp-Interessenten-Gruppe.png","type":"image\/png"}],"twitter_card":"summary_large_image","schema":{"@context":"https:\/\/schema.org","@graph":[{"@type":"WebPage","@id":"https:\/\/formulastudent.uni-paderborn.de\/kontakt\/","url":"https:\/\/formulastudent.uni-paderborn.de\/kontakt\/","name":"Kontakt - UPBracing Team","isPartOf":{"@id":"https:\/\/formulastudent.uni-paderborn.de\/#website"},"primaryImageOfPage":{"@id":"https:\/\/formulastudent.uni-paderborn.de\/kontakt\/#primaryimage"},"image":{"@id":"https:\/\/formulastudent.uni-paderborn.de\/kontakt\/#primaryimage"},"thumbnailUrl":"https:\/\/formulastudent.uni-paderborn.de\/wp-content\/uploads\/2020\/04\/Whatsapp-Interessenten-Gruppe.png","datePublished":"2020-01-05T00:52:27+00:00","dateModified":"2022-10-06T08:58:10+00:00","breadcrumb":{"@id":"https:\/\/formulastudent.uni-paderborn.de\/kontakt\/#breadcrumb"},"inLanguage":"en-GB","potentialAction":[{"@type":"ReadAction","target":["https:\/\/formulastudent.uni-paderborn.de\/kontakt\/"]}]},{"@type":"ImageObject","inLanguage":"en-GB","@id":"https:\/\/formulastudent.uni-paderborn.de\/kontakt\/#primaryimage","url":"https:\/\/formulastudent.uni-paderborn.de\/wp-content\/uploads\/2020\/04\/Whatsapp-Interessenten-Gruppe.png","contentUrl":"https:\/\/formulastudent.uni-paderborn.de\/wp-content\/uploads\/2020\/04\/Whatsapp-Interessenten-Gruppe.png"},{"@type":"BreadcrumbList","@id":"https:\/\/formulastudent.uni-paderborn.de\/kontakt\/#breadcrumb","itemListElement":[{"@type":"ListItem","position":1,"name":"Startseite","item":"https:\/\/formulastudent.uni-paderborn.de\/"},{"@type":"ListItem","position":2,"name":"Kontakt"}]},{"@type":"WebSite","@id":"https:\/\/formulastudent.uni-paderborn.de\/#website","url":"https:\/\/formulastudent.uni-paderborn.de\/","name":"UPBracing Team","description":"Formula Student Team der Universit\u00e4t Paderborn","publisher":{"@id":"https:\/\/formulastudent.uni-paderborn.de\/#organization"},"potentialAction":[{"@type":"SearchAction","target":{"@type":"EntryPoint","urlTemplate":"https:\/\/formulastudent.uni-paderborn.de\/?s={search_term_string}"},"query-input":{"@type":"PropertyValueSpecification","valueRequired":true,"valueName":"search_term_string"}}],"inLanguage":"en-GB"},{"@type":"Organization","@id":"https:\/\/formulastudent.uni-paderborn.de\/#organization","name":"UPBracing Team","url":"https:\/\/formulastudent.uni-paderborn.de\/","logo":{"@type":"ImageObject","inLanguage":"en-GB","@id":"https:\/\/formulastudent.uni-paderborn.de\/#\/schema\/logo\/image\/","url":"https:\/\/formulastudent.uni-paderborn.de\/wp-content\/uploads\/2020\/01\/UPBracing_logo_wei\u00df.png","contentUrl":"https:\/\/formulastudent.uni-paderborn.de\/wp-content\/uploads\/2020\/01\/UPBracing_logo_wei\u00df.png","width":2690,"height":1188,"caption":"UPBracing Team"},"image":{"@id":"https:\/\/formulastudent.uni-paderborn.de\/#\/schema\/logo\/image\/"},"sameAs":["https:\/\/www.facebook.com\/UPBracingTeam\/","https:\/\/www.instagram.com\/upbracing_team\/","https:\/\/www.tiktok.com\/@upbracing_team","https:\/\/www.youtube.com\/channel\/UC_FefZO_S6IYQmXhJughTHA"]}]}},"_links":{"self":[{"href":"https:\/\/formulastudent.uni-paderborn.de\/en\/wp-json\/wp\/v2\/pages\/452","targetHints":{"allow":["GET"]}}],"collection":[{"href":"https:\/\/formulastudent.uni-paderborn.de\/en\/wp-json\/wp\/v2\/pages"}],"about":[{"href":"https:\/\/formulastudent.uni-paderborn.de\/en\/wp-json\/wp\/v2\/types\/page"}],"author":[{"embeddable":true,"href":"https:\/\/formulastudent.uni-paderborn.de\/en\/wp-json\/wp\/v2\/users\/24"}],"replies":[{"embeddable":true,"href":"https:\/\/formulastudent.uni-paderborn.de\/en\/wp-json\/wp\/v2\/comments?post=452"}],"version-history":[{"count":52,"href":"https:\/\/formulastudent.uni-paderborn.de\/en\/wp-json\/wp\/v2\/pages\/452\/revisions"}],"predecessor-version":[{"id":5838,"href":"https:\/\/formulastudent.uni-paderborn.de\/en\/wp-json\/wp\/v2\/pages\/452\/revisions\/5838"}],"wp:attachment":[{"href":"https:\/\/formulastudent.uni-paderborn.de\/en\/wp-json\/wp\/v2\/media?parent=452"}],"curies":[{"name":"wp","href":"https:\/\/api.w.org\/{rel}","templated":true}]}}