{"id":439,"date":"2020-01-05T01:17:21","date_gmt":"2020-01-05T00:17:21","guid":{"rendered":"https:\/\/formulastudent.uni-paderborn.de\/?page_id=439"},"modified":"2024-10-21T16:39:00","modified_gmt":"2024-10-21T14:39:00","slug":"impressum","status":"publish","type":"page","link":"https:\/\/formulastudent.uni-paderborn.de\/en\/impressum\/","title":{"rendered":"Impressum"},"content":{"rendered":"<div data-elementor-type=\"wp-page\" data-elementor-id=\"439\" class=\"elementor elementor-439\">\n\t\t\t\t\t\t<section class=\"elementor-section elementor-top-section elementor-element elementor-element-1554608 elementor-section-height-min-height elementor-section-boxed elementor-section-height-default elementor-section-items-middle\" data-id=\"1554608\" data-element_type=\"section\" data-e-type=\"section\" data-settings=\"{&quot;background_background&quot;:&quot;classic&quot;}\">\n\t\t\t\t\t\t<div class=\"elementor-container elementor-column-gap-default\">\n\t\t\t\t\t<div class=\"elementor-column elementor-col-100 elementor-top-column elementor-element elementor-element-0d248ba\" data-id=\"0d248ba\" data-element_type=\"column\" data-e-type=\"column\">\n\t\t\t<div class=\"elementor-widget-wrap\">\n\t\t\t\t\t\t\t<\/div>\n\t\t<\/div>\n\t\t\t\t\t<\/div>\n\t\t<\/section>\n\t\t\t\t<section class=\"elementor-section elementor-top-section elementor-element elementor-element-a94f309 elementor-section-boxed elementor-section-height-default elementor-section-height-default\" data-id=\"a94f309\" data-element_type=\"section\" data-e-type=\"section\">\n\t\t\t\t\t\t<div class=\"elementor-container elementor-column-gap-default\">\n\t\t\t\t\t<div class=\"elementor-column elementor-col-100 elementor-top-column elementor-element elementor-element-3d01988\" data-id=\"3d01988\" data-element_type=\"column\" data-e-type=\"column\">\n\t\t\t<div class=\"elementor-widget-wrap elementor-element-populated\">\n\t\t\t\t\t\t<div class=\"elementor-element elementor-element-e6be30e elementor-widget elementor-widget-heading\" data-id=\"e6be30e\" data-element_type=\"widget\" data-e-type=\"widget\" data-widget_type=\"heading.default\">\n\t\t\t\t<div class=\"elementor-widget-container\">\n\t\t\t\t\t<h1 class=\"elementor-heading-title elementor-size-default\">Impressum<\/h1>\t\t\t\t<\/div>\n\t\t\t\t<\/div>\n\t\t\t\t\t<\/div>\n\t\t<\/div>\n\t\t\t\t\t<\/div>\n\t\t<\/section>\n\t\t\t\t<section class=\"elementor-section elementor-top-section elementor-element elementor-element-dd0c4a0 elementor-section-boxed elementor-section-height-default elementor-section-height-default\" data-id=\"dd0c4a0\" data-element_type=\"section\" data-e-type=\"section\">\n\t\t\t\t\t\t<div class=\"elementor-container elementor-column-gap-default\">\n\t\t\t\t\t<div class=\"elementor-column elementor-col-100 elementor-top-column elementor-element elementor-element-68fdf2a\" data-id=\"68fdf2a\" data-element_type=\"column\" data-e-type=\"column\">\n\t\t\t<div class=\"elementor-widget-wrap elementor-element-populated\">\n\t\t\t\t\t\t<div class=\"elementor-element elementor-element-8d0e147 elementor-widget elementor-widget-text-editor\" data-id=\"8d0e147\" data-element_type=\"widget\" data-e-type=\"widget\" data-widget_type=\"text-editor.default\">\n\t\t\t\t<div class=\"elementor-widget-container\">\n\t\t\t\t\t\t\t\t\t<p>UPBracing Team&nbsp;<br>Warburger Stra\u00dfe 100<br>33098 Paderborn<\/p>\n<p>info@formulastudent.uni-paderborn.de<\/p>\n<p>05251 &#8211; 60 &#8211; 3927<\/p>\n<p><\/p>\n<h4>Spenden:<\/h4>\n<div>\n<div>UPBracing Team e.V.<\/div>\n<div>Volksbank Paderborn<\/div>\n<div>Zweigniederlassung der VerbundVolksbank OWL eG<\/div>\n<div><span style=\"font-size: 16px;\">IBAN: DE79 4726 0121 0498 8440 00<\/span><\/div>\n<div>BIC: DGPBDE3MXXX<\/div>\n<\/div>\n<div>&nbsp;<\/div>\n<h4>Vertretungsberechtigter&nbsp;Vorstand:<\/h4>\n<p>Nils Kriener &#8211; Erster Vorsitzender &#8211; Inhaltlich verantwortlich gem\u00e4\u00df \u00a7 5 TMG<\/p>\n<p>Emma Vullhorst &#8211; Zweite Vorsitzende<\/p>\n<p>Anna Schiermeyer &#8211; Finanzvorstand<\/p>\n<h4>Ansprechpartner Website:<\/h4>\n<h4>&nbsp;<\/h4>\n<h4>Rechtliches:<\/h4>\n<p>Registriert im Vereinsregister Amtsgericht Paderborn VR 2447<br>Umsatzsteuer-Identifikationsnr. gem\u00e4\u00df \u00a7 27a UmsatzStG:&nbsp;339\/5780\/8361<\/p>\n<h4>Datenschutzbeauftragte\/r<\/h4>\n<p>Nils Kriener &#8211; Erster Vorsitzender<\/p>\n<p>Wir legen gr\u00f6\u00dften Wert auf den Schutz Ihrer Daten und die Wahrung Ihrer Privatsph\u00e4re. Nachstehend informieren wir Sie deshalb \u00fcber die Erhebung und Verwendung pers\u00f6nlicher Daten bei Nutzung unserer Webseite.<\/p>\t\t\t\t\t\t\t\t<\/div>\n\t\t\t\t<\/div>\n\t\t\t\t\t<\/div>\n\t\t<\/div>\n\t\t\t\t\t<\/div>\n\t\t<\/section>\n\t\t\t\t<\/div>","protected":false},"excerpt":{"rendered":"<p>Impressum UPBracing Team&nbsp;Warburger Stra\u00dfe 10033098 Paderborn info@formulastudent.uni-paderborn.de 05251 &#8211; 60 &#8211; 3927 Spenden: UPBracing Team e.V. Volksbank Paderborn Zweigniederlassung der VerbundVolksbank OWL eG IBAN: DE79 4726 0121 0498 8440 00 BIC: DGPBDE3MXXX &nbsp; Vertretungsberechtigter&nbsp;Vorstand: Nils Kriener &#8211; Erster Vorsitzender &#8211; Inhaltlich verantwortlich gem\u00e4\u00df \u00a7 5 TMG Emma Vullhorst &#8211; Zweite Vorsitzende Anna Schiermeyer &#8211; Finanzvorstand &hellip;<\/p>\n<p class=\"read-more\"> <a class=\"\" href=\"https:\/\/formulastudent.uni-paderborn.de\/en\/impressum\/\"> <span class=\"screen-reader-text\">Impressum<\/span> Read More &raquo;<\/a><\/p>","protected":false},"author":24,"featured_media":0,"parent":0,"menu_order":0,"comment_status":"closed","ping_status":"closed","template":"","meta":{"footnotes":""},"class_list":["post-439","page","type-page","status-publish","hentry"],"yoast_head":"<!-- This site is optimized with the Yoast SEO plugin v24.0 - https:\/\/yoast.com\/wordpress\/plugins\/seo\/ -->\n<title>Impressum - UPBracing Team<\/title>\n<meta name=\"robots\" content=\"index, follow, max-snippet:-1, max-image-preview:large, max-video-preview:-1\" \/>\n<link rel=\"canonical\" href=\"https:\/\/formulastudent.uni-paderborn.de\/en\/impressum\/\" \/>\n<meta property=\"og:locale\" content=\"en_GB\" \/>\n<meta property=\"og:type\" content=\"article\" \/>\n<meta property=\"og:title\" content=\"Impressum - UPBracing Team\" \/>\n<meta property=\"og:description\" content=\"Impressum UPBracing Team&nbsp;Warburger Stra\u00dfe 10033098 Paderborn info@formulastudent.uni-paderborn.de 05251 &#8211; 60 &#8211; 3927 Spenden: UPBracing Team e.V. Volksbank Paderborn Zweigniederlassung der VerbundVolksbank OWL eG IBAN: DE79 4726 0121 0498 8440 00 BIC: DGPBDE3MXXX &nbsp; Vertretungsberechtigter&nbsp;Vorstand: Nils Kriener &#8211; Erster Vorsitzender &#8211; Inhaltlich verantwortlich gem\u00e4\u00df \u00a7 5 TMG Emma Vullhorst &#8211; Zweite Vorsitzende Anna Schiermeyer &#8211; Finanzvorstand &hellip; Impressum Read More &raquo;\" \/>\n<meta property=\"og:url\" content=\"https:\/\/formulastudent.uni-paderborn.de\/en\/impressum\/\" \/>\n<meta property=\"og:site_name\" content=\"UPBracing Team\" \/>\n<meta property=\"article:publisher\" content=\"https:\/\/www.facebook.com\/UPBracingTeam\/\" \/>\n<meta property=\"article:modified_time\" content=\"2024-10-21T14:39:00+00:00\" \/>\n<meta name=\"twitter:card\" content=\"summary_large_image\" \/>\n<meta name=\"twitter:label1\" content=\"Estimated reading time\" \/>\n\t<meta name=\"twitter:data1\" content=\"1 minute\" \/>\n<script type=\"application\/ld+json\" class=\"yoast-schema-graph\">{\"@context\":\"https:\/\/schema.org\",\"@graph\":[{\"@type\":\"WebPage\",\"@id\":\"https:\/\/formulastudent.uni-paderborn.de\/impressum\/\",\"url\":\"https:\/\/formulastudent.uni-paderborn.de\/impressum\/\",\"name\":\"Impressum - UPBracing Team\",\"isPartOf\":{\"@id\":\"https:\/\/formulastudent.uni-paderborn.de\/#website\"},\"datePublished\":\"2020-01-05T00:17:21+00:00\",\"dateModified\":\"2024-10-21T14:39:00+00:00\",\"breadcrumb\":{\"@id\":\"https:\/\/formulastudent.uni-paderborn.de\/impressum\/#breadcrumb\"},\"inLanguage\":\"en-GB\",\"potentialAction\":[{\"@type\":\"ReadAction\",\"target\":[\"https:\/\/formulastudent.uni-paderborn.de\/impressum\/\"]}]},{\"@type\":\"BreadcrumbList\",\"@id\":\"https:\/\/formulastudent.uni-paderborn.de\/impressum\/#breadcrumb\",\"itemListElement\":[{\"@type\":\"ListItem\",\"position\":1,\"name\":\"Startseite\",\"item\":\"https:\/\/formulastudent.uni-paderborn.de\/\"},{\"@type\":\"ListItem\",\"position\":2,\"name\":\"Impressum\"}]},{\"@type\":\"WebSite\",\"@id\":\"https:\/\/formulastudent.uni-paderborn.de\/#website\",\"url\":\"https:\/\/formulastudent.uni-paderborn.de\/\",\"name\":\"UPBracing Team\",\"description\":\"Formula Student Team der Universit\u00e4t Paderborn\",\"publisher\":{\"@id\":\"https:\/\/formulastudent.uni-paderborn.de\/#organization\"},\"potentialAction\":[{\"@type\":\"SearchAction\",\"target\":{\"@type\":\"EntryPoint\",\"urlTemplate\":\"https:\/\/formulastudent.uni-paderborn.de\/?s={search_term_string}\"},\"query-input\":{\"@type\":\"PropertyValueSpecification\",\"valueRequired\":true,\"valueName\":\"search_term_string\"}}],\"inLanguage\":\"en-GB\"},{\"@type\":\"Organization\",\"@id\":\"https:\/\/formulastudent.uni-paderborn.de\/#organization\",\"name\":\"UPBracing Team\",\"url\":\"https:\/\/formulastudent.uni-paderborn.de\/\",\"logo\":{\"@type\":\"ImageObject\",\"inLanguage\":\"en-GB\",\"@id\":\"https:\/\/formulastudent.uni-paderborn.de\/#\/schema\/logo\/image\/\",\"url\":\"https:\/\/formulastudent.uni-paderborn.de\/wp-content\/uploads\/2020\/01\/UPBracing_logo_wei\u00df.png\",\"contentUrl\":\"https:\/\/formulastudent.uni-paderborn.de\/wp-content\/uploads\/2020\/01\/UPBracing_logo_wei\u00df.png\",\"width\":2690,\"height\":1188,\"caption\":\"UPBracing Team\"},\"image\":{\"@id\":\"https:\/\/formulastudent.uni-paderborn.de\/#\/schema\/logo\/image\/\"},\"sameAs\":[\"https:\/\/www.facebook.com\/UPBracingTeam\/\",\"https:\/\/www.instagram.com\/upbracing_team\/\",\"https:\/\/www.tiktok.com\/@upbracing_team\",\"https:\/\/www.youtube.com\/channel\/UC_FefZO_S6IYQmXhJughTHA\"]}]}<\/script>\n<!-- \/ Yoast SEO plugin. -->","yoast_head_json":{"title":"Impressum - UPBracing Team","robots":{"index":"index","follow":"follow","max-snippet":"max-snippet:-1","max-image-preview":"max-image-preview:large","max-video-preview":"max-video-preview:-1"},"canonical":"https:\/\/formulastudent.uni-paderborn.de\/en\/impressum\/","og_locale":"en_GB","og_type":"article","og_title":"Impressum - UPBracing Team","og_description":"Impressum UPBracing Team&nbsp;Warburger Stra\u00dfe 10033098 Paderborn info@formulastudent.uni-paderborn.de 05251 &#8211; 60 &#8211; 3927 Spenden: UPBracing Team e.V. Volksbank Paderborn Zweigniederlassung der VerbundVolksbank OWL eG IBAN: DE79 4726 0121 0498 8440 00 BIC: DGPBDE3MXXX &nbsp; Vertretungsberechtigter&nbsp;Vorstand: Nils Kriener &#8211; Erster Vorsitzender &#8211; Inhaltlich verantwortlich gem\u00e4\u00df \u00a7 5 TMG Emma Vullhorst &#8211; Zweite Vorsitzende Anna Schiermeyer &#8211; Finanzvorstand &hellip; Impressum Read More &raquo;","og_url":"https:\/\/formulastudent.uni-paderborn.de\/en\/impressum\/","og_site_name":"UPBracing Team","article_publisher":"https:\/\/www.facebook.com\/UPBracingTeam\/","article_modified_time":"2024-10-21T14:39:00+00:00","twitter_card":"summary_large_image","twitter_misc":{"Estimated reading time":"1 minute"},"schema":{"@context":"https:\/\/schema.org","@graph":[{"@type":"WebPage","@id":"https:\/\/formulastudent.uni-paderborn.de\/impressum\/","url":"https:\/\/formulastudent.uni-paderborn.de\/impressum\/","name":"Impressum - UPBracing Team","isPartOf":{"@id":"https:\/\/formulastudent.uni-paderborn.de\/#website"},"datePublished":"2020-01-05T00:17:21+00:00","dateModified":"2024-10-21T14:39:00+00:00","breadcrumb":{"@id":"https:\/\/formulastudent.uni-paderborn.de\/impressum\/#breadcrumb"},"inLanguage":"en-GB","potentialAction":[{"@type":"ReadAction","target":["https:\/\/formulastudent.uni-paderborn.de\/impressum\/"]}]},{"@type":"BreadcrumbList","@id":"https:\/\/formulastudent.uni-paderborn.de\/impressum\/#breadcrumb","itemListElement":[{"@type":"ListItem","position":1,"name":"Startseite","item":"https:\/\/formulastudent.uni-paderborn.de\/"},{"@type":"ListItem","position":2,"name":"Impressum"}]},{"@type":"WebSite","@id":"https:\/\/formulastudent.uni-paderborn.de\/#website","url":"https:\/\/formulastudent.uni-paderborn.de\/","name":"UPBracing Team","description":"Formula Student Team der Universit\u00e4t Paderborn","publisher":{"@id":"https:\/\/formulastudent.uni-paderborn.de\/#organization"},"potentialAction":[{"@type":"SearchAction","target":{"@type":"EntryPoint","urlTemplate":"https:\/\/formulastudent.uni-paderborn.de\/?s={search_term_string}"},"query-input":{"@type":"PropertyValueSpecification","valueRequired":true,"valueName":"search_term_string"}}],"inLanguage":"en-GB"},{"@type":"Organization","@id":"https:\/\/formulastudent.uni-paderborn.de\/#organization","name":"UPBracing Team","url":"https:\/\/formulastudent.uni-paderborn.de\/","logo":{"@type":"ImageObject","inLanguage":"en-GB","@id":"https:\/\/formulastudent.uni-paderborn.de\/#\/schema\/logo\/image\/","url":"https:\/\/formulastudent.uni-paderborn.de\/wp-content\/uploads\/2020\/01\/UPBracing_logo_wei\u00df.png","contentUrl":"https:\/\/formulastudent.uni-paderborn.de\/wp-content\/uploads\/2020\/01\/UPBracing_logo_wei\u00df.png","width":2690,"height":1188,"caption":"UPBracing Team"},"image":{"@id":"https:\/\/formulastudent.uni-paderborn.de\/#\/schema\/logo\/image\/"},"sameAs":["https:\/\/www.facebook.com\/UPBracingTeam\/","https:\/\/www.instagram.com\/upbracing_team\/","https:\/\/www.tiktok.com\/@upbracing_team","https:\/\/www.youtube.com\/channel\/UC_FefZO_S6IYQmXhJughTHA"]}]}},"_links":{"self":[{"href":"https:\/\/formulastudent.uni-paderborn.de\/en\/wp-json\/wp\/v2\/pages\/439","targetHints":{"allow":["GET"]}}],"collection":[{"href":"https:\/\/formulastudent.uni-paderborn.de\/en\/wp-json\/wp\/v2\/pages"}],"about":[{"href":"https:\/\/formulastudent.uni-paderborn.de\/en\/wp-json\/wp\/v2\/types\/page"}],"author":[{"embeddable":true,"href":"https:\/\/formulastudent.uni-paderborn.de\/en\/wp-json\/wp\/v2\/users\/24"}],"replies":[{"embeddable":true,"href":"https:\/\/formulastudent.uni-paderborn.de\/en\/wp-json\/wp\/v2\/comments?post=439"}],"version-history":[{"count":58,"href":"https:\/\/formulastudent.uni-paderborn.de\/en\/wp-json\/wp\/v2\/pages\/439\/revisions"}],"predecessor-version":[{"id":9529,"href":"https:\/\/formulastudent.uni-paderborn.de\/en\/wp-json\/wp\/v2\/pages\/439\/revisions\/9529"}],"wp:attachment":[{"href":"https:\/\/formulastudent.uni-paderborn.de\/en\/wp-json\/wp\/v2\/media?parent=439"}],"curies":[{"name":"wp","href":"https:\/\/api.w.org\/{rel}","templated":true}]}}