{"id":403,"date":"2020-01-05T00:35:30","date_gmt":"2020-01-04T23:35:30","guid":{"rendered":"https:\/\/formulastudent.uni-paderborn.de\/?page_id=403"},"modified":"2023-03-29T15:44:54","modified_gmt":"2023-03-29T13:44:54","slug":"partner","status":"publish","type":"page","link":"https:\/\/formulastudent.uni-paderborn.de\/en\/partner\/","title":{"rendered":"Partners"},"content":{"rendered":"<div data-elementor-type=\"wp-page\" data-elementor-id=\"403\" class=\"elementor elementor-403\">\n\t\t\t\t\t\t<section class=\"elementor-section elementor-top-section elementor-element elementor-element-ded5c9c elementor-section-height-min-height elementor-section-boxed elementor-section-height-default elementor-section-items-middle\" data-id=\"ded5c9c\" data-element_type=\"section\" data-e-type=\"section\" data-settings=\"{&quot;background_background&quot;:&quot;classic&quot;}\">\n\t\t\t\t\t\t<div class=\"elementor-container elementor-column-gap-default\">\n\t\t\t\t\t<div class=\"elementor-column elementor-col-100 elementor-top-column elementor-element elementor-element-49e0eae\" data-id=\"49e0eae\" data-element_type=\"column\" data-e-type=\"column\">\n\t\t\t<div class=\"elementor-widget-wrap\">\n\t\t\t\t\t\t\t<\/div>\n\t\t<\/div>\n\t\t\t\t\t<\/div>\n\t\t<\/section>\n\t\t\t\t<section class=\"elementor-section elementor-top-section elementor-element elementor-element-e1bbc04 elementor-section-boxed elementor-section-height-default elementor-section-height-default\" data-id=\"e1bbc04\" data-element_type=\"section\" data-e-type=\"section\" data-settings=\"{&quot;background_background&quot;:&quot;classic&quot;}\">\n\t\t\t\t\t\t<div class=\"elementor-container elementor-column-gap-default\">\n\t\t\t\t\t<div class=\"elementor-column elementor-col-100 elementor-top-column elementor-element elementor-element-7c31eff\" data-id=\"7c31eff\" data-element_type=\"column\" data-e-type=\"column\">\n\t\t\t<div class=\"elementor-widget-wrap elementor-element-populated\">\n\t\t\t\t\t\t<div class=\"elementor-element elementor-element-be48124 elementor-widget elementor-widget-heading\" data-id=\"be48124\" data-element_type=\"widget\" data-e-type=\"widget\" data-widget_type=\"heading.default\">\n\t\t\t\t<div class=\"elementor-widget-container\">\n\t\t\t\t\t<h1 class=\"elementor-heading-title elementor-size-default\">Benefits as a partner of <br> the UPBracing team<\/h1>\t\t\t\t<\/div>\n\t\t\t\t<\/div>\n\t\t\t\t\t<\/div>\n\t\t<\/div>\n\t\t\t\t\t<\/div>\n\t\t<\/section>\n\t\t\t\t<section class=\"elementor-section elementor-top-section elementor-element elementor-element-8e8f520 elementor-section-boxed elementor-section-height-default elementor-section-height-default\" data-id=\"8e8f520\" data-element_type=\"section\" data-e-type=\"section\">\n\t\t\t\t\t\t<div class=\"elementor-container elementor-column-gap-default\">\n\t\t\t\t\t<div class=\"elementor-column elementor-col-100 elementor-top-column elementor-element elementor-element-7c77ce1\" data-id=\"7c77ce1\" data-element_type=\"column\" data-e-type=\"column\">\n\t\t\t<div class=\"elementor-widget-wrap elementor-element-populated\">\n\t\t\t\t\t\t<div class=\"elementor-element elementor-element-3eb1a5b elementor-widget-divider--view-line elementor-widget elementor-widget-divider\" data-id=\"3eb1a5b\" data-element_type=\"widget\" data-e-type=\"widget\" data-widget_type=\"divider.default\">\n\t\t\t\t<div class=\"elementor-widget-container\">\n\t\t\t\t\t\t\t<div class=\"elementor-divider\">\n\t\t\t<span class=\"elementor-divider-separator\">\n\t\t\t\t\t\t<\/span>\n\t\t<\/div>\n\t\t\t\t\t\t<\/div>\n\t\t\t\t<\/div>\n\t\t\t\t\t<\/div>\n\t\t<\/div>\n\t\t\t\t\t<\/div>\n\t\t<\/section>\n\t\t\t\t<section class=\"elementor-section elementor-top-section elementor-element elementor-element-db63cdb elementor-section-boxed elementor-section-height-default elementor-section-height-default\" data-id=\"db63cdb\" data-element_type=\"section\" data-e-type=\"section\">\n\t\t\t\t\t\t<div class=\"elementor-container elementor-column-gap-default\">\n\t\t\t\t\t<div class=\"elementor-column elementor-col-50 elementor-top-column elementor-element elementor-element-7d2d4f6\" data-id=\"7d2d4f6\" data-element_type=\"column\" data-e-type=\"column\">\n\t\t\t<div class=\"elementor-widget-wrap elementor-element-populated\">\n\t\t\t\t\t\t<div class=\"elementor-element elementor-element-ce824eb elementor-widget elementor-widget-image\" data-id=\"ce824eb\" data-element_type=\"widget\" data-e-type=\"widget\" data-widget_type=\"image.default\">\n\t\t\t\t<div class=\"elementor-widget-container\">\n\t\t\t\t\t\t\t\t\t\t\t\t\t\t\t<img fetchpriority=\"high\" decoding=\"async\" width=\"1024\" height=\"683\" src=\"https:\/\/formulastudent.uni-paderborn.de\/wp-content\/uploads\/2020\/01\/wallpaper-6-1024x683.jpg\" class=\"attachment-large size-large wp-image-35\" alt=\"\" srcset=\"https:\/\/formulastudent.uni-paderborn.de\/wp-content\/uploads\/2020\/01\/wallpaper-6-1024x683.jpg 1024w, https:\/\/formulastudent.uni-paderborn.de\/wp-content\/uploads\/2020\/01\/wallpaper-6-300x200.jpg 300w, https:\/\/formulastudent.uni-paderborn.de\/wp-content\/uploads\/2020\/01\/wallpaper-6-768x512.jpg 768w, https:\/\/formulastudent.uni-paderborn.de\/wp-content\/uploads\/2020\/01\/wallpaper-6-1536x1024.jpg 1536w, https:\/\/formulastudent.uni-paderborn.de\/wp-content\/uploads\/2020\/01\/wallpaper-6-2048x1365.jpg 2048w\" sizes=\"(max-width: 1024px) 100vw, 1024px\" \/>\t\t\t\t\t\t\t\t\t\t\t\t\t\t\t<\/div>\n\t\t\t\t<\/div>\n\t\t\t\t\t<\/div>\n\t\t<\/div>\n\t\t\t\t<div class=\"elementor-column elementor-col-50 elementor-top-column elementor-element elementor-element-a511e60\" data-id=\"a511e60\" data-element_type=\"column\" data-e-type=\"column\">\n\t\t\t<div class=\"elementor-widget-wrap elementor-element-populated\">\n\t\t\t\t\t\t<div class=\"elementor-element elementor-element-e272c07 elementor-icon-list--layout-traditional elementor-list-item-link-full_width elementor-widget elementor-widget-icon-list\" data-id=\"e272c07\" data-element_type=\"widget\" data-e-type=\"widget\" data-widget_type=\"icon-list.default\">\n\t\t\t\t<div class=\"elementor-widget-container\">\n\t\t\t\t\t\t\t<ul class=\"elementor-icon-list-items\">\n\t\t\t\t\t\t\t<li class=\"elementor-icon-list-item\">\n\t\t\t\t\t\t\t\t\t\t\t<span class=\"elementor-icon-list-icon\">\n\t\t\t\t\t\t\t<i aria-hidden=\"true\" class=\"fas fa-check\"><\/i>\t\t\t\t\t\t<\/span>\n\t\t\t\t\t\t\t\t\t\t<span class=\"elementor-icon-list-text\">Contact with committed, experienced, future engineers and managers<\/span>\n\t\t\t\t\t\t\t\t\t<\/li>\n\t\t\t\t\t\t\t\t<li class=\"elementor-icon-list-item\">\n\t\t\t\t\t\t\t\t\t\t\t<span class=\"elementor-icon-list-icon\">\n\t\t\t\t\t\t\t<i aria-hidden=\"true\" class=\"fas fa-check\"><\/i>\t\t\t\t\t\t<\/span>\n\t\t\t\t\t\t\t\t\t\t<span class=\"elementor-icon-list-text\">Advertising impact regionally, nationally and internationally<\/span>\n\t\t\t\t\t\t\t\t\t<\/li>\n\t\t\t\t\t\t\t\t<li class=\"elementor-icon-list-item\">\n\t\t\t\t\t\t\t\t\t\t\t<span class=\"elementor-icon-list-icon\">\n\t\t\t\t\t\t\t<i aria-hidden=\"true\" class=\"fas fa-check\"><\/i>\t\t\t\t\t\t<\/span>\n\t\t\t\t\t\t\t\t\t\t<span class=\"elementor-icon-list-text\">Cooperation in the realisation of innovative manufacturing processes<\/span>\n\t\t\t\t\t\t\t\t\t<\/li>\n\t\t\t\t\t\t\t\t<li class=\"elementor-icon-list-item\">\n\t\t\t\t\t\t\t\t\t\t\t<span class=\"elementor-icon-list-icon\">\n\t\t\t\t\t\t\t<i aria-hidden=\"true\" class=\"fas fa-check\"><\/i>\t\t\t\t\t\t<\/span>\n\t\t\t\t\t\t\t\t\t\t<span class=\"elementor-icon-list-text\">Participation in our partner network<\/span>\n\t\t\t\t\t\t\t\t\t<\/li>\n\t\t\t\t\t\t\t\t<li class=\"elementor-icon-list-item\">\n\t\t\t\t\t\t\t\t\t\t\t<span class=\"elementor-icon-list-icon\">\n\t\t\t\t\t\t\t<i aria-hidden=\"true\" class=\"fas fa-check\"><\/i>\t\t\t\t\t\t<\/span>\n\t\t\t\t\t\t\t\t\t\t<span class=\"elementor-icon-list-text\">Perception in technical audience<\/span>\n\t\t\t\t\t\t\t\t\t<\/li>\n\t\t\t\t\t\t\t\t<li class=\"elementor-icon-list-item\">\n\t\t\t\t\t\t\t\t\t\t\t<span class=\"elementor-icon-list-icon\">\n\t\t\t\t\t\t\t<i aria-hidden=\"true\" class=\"fas fa-check\"><\/i>\t\t\t\t\t\t<\/span>\n\t\t\t\t\t\t\t\t\t\t<span class=\"elementor-icon-list-text\">Promoting young talent<\/span>\n\t\t\t\t\t\t\t\t\t<\/li>\n\t\t\t\t\t\t<\/ul>\n\t\t\t\t\t\t<\/div>\n\t\t\t\t<\/div>\n\t\t\t\t\t<\/div>\n\t\t<\/div>\n\t\t\t\t\t<\/div>\n\t\t<\/section>\n\t\t\t\t<section class=\"elementor-section elementor-top-section elementor-element elementor-element-70fac3a elementor-section-boxed elementor-section-height-default elementor-section-height-default\" data-id=\"70fac3a\" data-element_type=\"section\" data-e-type=\"section\">\n\t\t\t\t\t\t<div class=\"elementor-container elementor-column-gap-default\">\n\t\t\t\t\t<div class=\"elementor-column elementor-col-100 elementor-top-column elementor-element elementor-element-8d917d8\" data-id=\"8d917d8\" data-element_type=\"column\" data-e-type=\"column\">\n\t\t\t<div class=\"elementor-widget-wrap elementor-element-populated\">\n\t\t\t\t\t\t<div class=\"elementor-element elementor-element-00b4bdb elementor-widget-divider--view-line elementor-widget elementor-widget-divider\" data-id=\"00b4bdb\" data-element_type=\"widget\" data-e-type=\"widget\" data-widget_type=\"divider.default\">\n\t\t\t\t<div class=\"elementor-widget-container\">\n\t\t\t\t\t\t\t<div class=\"elementor-divider\">\n\t\t\t<span class=\"elementor-divider-separator\">\n\t\t\t\t\t\t<\/span>\n\t\t<\/div>\n\t\t\t\t\t\t<\/div>\n\t\t\t\t<\/div>\n\t\t\t\t\t<\/div>\n\t\t<\/div>\n\t\t\t\t\t<\/div>\n\t\t<\/section>\n\t\t\t\t<section class=\"elementor-section elementor-top-section elementor-element elementor-element-9951efc elementor-section-boxed elementor-section-height-default elementor-section-height-default\" data-id=\"9951efc\" data-element_type=\"section\" data-e-type=\"section\">\n\t\t\t\t\t\t<div class=\"elementor-container elementor-column-gap-default\">\n\t\t\t\t\t<div class=\"elementor-column elementor-col-100 elementor-top-column elementor-element elementor-element-f7bc988\" data-id=\"f7bc988\" data-element_type=\"column\" data-e-type=\"column\">\n\t\t\t<div class=\"elementor-widget-wrap elementor-element-populated\">\n\t\t\t\t\t\t<div class=\"elementor-element elementor-element-88eac1c elementor-widget elementor-widget-heading\" data-id=\"88eac1c\" data-element_type=\"widget\" data-e-type=\"widget\" data-widget_type=\"heading.default\">\n\t\t\t\t<div class=\"elementor-widget-container\">\n\t\t\t\t\t<h2 class=\"elementor-heading-title elementor-size-default\">Are you interested in supporting the UPBracing team?<\/h2>\t\t\t\t<\/div>\n\t\t\t\t<\/div>\n\t\t\t\t\t<\/div>\n\t\t<\/div>\n\t\t\t\t\t<\/div>\n\t\t<\/section>\n\t\t\t\t<section class=\"elementor-section elementor-top-section elementor-element elementor-element-1bfdfbc elementor-section-full_width elementor-section-height-default elementor-section-height-default\" data-id=\"1bfdfbc\" data-element_type=\"section\" data-e-type=\"section\">\n\t\t\t\t\t\t<div class=\"elementor-container elementor-column-gap-default\">\n\t\t\t\t\t<div class=\"elementor-column elementor-col-100 elementor-top-column elementor-element elementor-element-b8cf643\" data-id=\"b8cf643\" data-element_type=\"column\" data-e-type=\"column\">\n\t\t\t<div class=\"elementor-widget-wrap elementor-element-populated\">\n\t\t\t\t\t\t<div class=\"elementor-element elementor-element-d67458e elementor-align-center elementor-widget elementor-widget-button\" data-id=\"d67458e\" data-element_type=\"widget\" data-e-type=\"widget\" data-widget_type=\"button.default\">\n\t\t\t\t<div class=\"elementor-widget-container\">\n\t\t\t\t\t\t\t\t\t<div class=\"elementor-button-wrapper\">\n\t\t\t\t\t<a class=\"elementor-button elementor-button-link elementor-size-xl elementor-animation-shrink\" href=\"\/en\/wordpress\/contact\/\">\n\t\t\t\t\t\t<span class=\"elementor-button-content-wrapper\">\n\t\t\t\t\t\t\t\t\t<span class=\"elementor-button-text\">Contact Us!<\/span>\n\t\t\t\t\t<\/span>\n\t\t\t\t\t<\/a>\n\t\t\t\t<\/div>\n\t\t\t\t\t\t\t\t<\/div>\n\t\t\t\t<\/div>\n\t\t\t\t\t<\/div>\n\t\t<\/div>\n\t\t\t\t\t<\/div>\n\t\t<\/section>\n\t\t\t\t<section class=\"elementor-section elementor-top-section elementor-element elementor-element-d90b791 elementor-section-boxed elementor-section-height-default elementor-section-height-default\" data-id=\"d90b791\" data-element_type=\"section\" data-e-type=\"section\">\n\t\t\t\t\t\t<div class=\"elementor-container elementor-column-gap-default\">\n\t\t\t\t\t<div class=\"elementor-column elementor-col-100 elementor-top-column elementor-element elementor-element-74c3155\" data-id=\"74c3155\" data-element_type=\"column\" data-e-type=\"column\">\n\t\t\t<div class=\"elementor-widget-wrap elementor-element-populated\">\n\t\t\t\t\t\t<div class=\"elementor-element elementor-element-7a58efc elementor-widget-divider--view-line elementor-widget elementor-widget-divider\" data-id=\"7a58efc\" data-element_type=\"widget\" data-e-type=\"widget\" data-widget_type=\"divider.default\">\n\t\t\t\t<div class=\"elementor-widget-container\">\n\t\t\t\t\t\t\t<div class=\"elementor-divider\">\n\t\t\t<span class=\"elementor-divider-separator\">\n\t\t\t\t\t\t<\/span>\n\t\t<\/div>\n\t\t\t\t\t\t<\/div>\n\t\t\t\t<\/div>\n\t\t\t\t\t<\/div>\n\t\t<\/div>\n\t\t\t\t\t<\/div>\n\t\t<\/section>\n\t\t\t\t<\/div>","protected":false},"excerpt":{"rendered":"<p>Vorteile als Partner des UPBracing Teams Kontakt zu engagierten, praxiserfahrenen, zuk\u00fcnftigen Ingenieur*innen und F\u00fchrungskr\u00e4ften Werbewirkung regional, national und international Zusammenarbeit bei der Realisierung innovativer Fertigungsverfahren Partizipation in unserem Partnernetzwerk Wahrnehmung in technischem Fachpublikum Nachwuchsf\u00f6rderung Sie haben Interesse das UPBracing Team zu unterst\u00fctzen? Kontaktieren Sie uns!<\/p>","protected":false},"author":24,"featured_media":0,"parent":0,"menu_order":0,"comment_status":"closed","ping_status":"closed","template":"","meta":{"footnotes":""},"class_list":["post-403","page","type-page","status-publish","hentry"],"yoast_head":"<!-- This site is optimized with the Yoast SEO plugin v24.0 - https:\/\/yoast.com\/wordpress\/plugins\/seo\/ -->\n<title>Partner - UPBracing Team<\/title>\n<meta name=\"robots\" content=\"index, follow, max-snippet:-1, max-image-preview:large, max-video-preview:-1\" \/>\n<link rel=\"canonical\" href=\"https:\/\/formulastudent.uni-paderborn.de\/en\/partner\/\" \/>\n<meta property=\"og:locale\" content=\"en_GB\" \/>\n<meta property=\"og:type\" content=\"article\" \/>\n<meta property=\"og:title\" content=\"Partner - UPBracing Team\" \/>\n<meta property=\"og:description\" content=\"Vorteile als Partner des UPBracing Teams Kontakt zu engagierten, praxiserfahrenen, zuk\u00fcnftigen Ingenieur*innen und F\u00fchrungskr\u00e4ften Werbewirkung regional, national und international Zusammenarbeit bei der Realisierung innovativer Fertigungsverfahren Partizipation in unserem Partnernetzwerk Wahrnehmung in technischem Fachpublikum Nachwuchsf\u00f6rderung Sie haben Interesse das UPBracing Team zu unterst\u00fctzen? Kontaktieren Sie uns!\" \/>\n<meta property=\"og:url\" content=\"https:\/\/formulastudent.uni-paderborn.de\/en\/partner\/\" \/>\n<meta property=\"og:site_name\" content=\"UPBracing Team\" \/>\n<meta property=\"article:publisher\" content=\"https:\/\/www.facebook.com\/UPBracingTeam\/\" \/>\n<meta property=\"article:modified_time\" content=\"2023-03-29T13:44:54+00:00\" \/>\n<meta property=\"og:image\" content=\"https:\/\/formulastudent.uni-paderborn.de\/wp-content\/uploads\/2020\/01\/wallpaper-6-scaled.jpg\" \/>\n\t<meta property=\"og:image:width\" content=\"2560\" \/>\n\t<meta property=\"og:image:height\" content=\"1707\" \/>\n\t<meta property=\"og:image:type\" content=\"image\/jpeg\" \/>\n<meta name=\"twitter:card\" content=\"summary_large_image\" \/>\n<script type=\"application\/ld+json\" class=\"yoast-schema-graph\">{\"@context\":\"https:\/\/schema.org\",\"@graph\":[{\"@type\":\"WebPage\",\"@id\":\"https:\/\/formulastudent.uni-paderborn.de\/partner\/\",\"url\":\"https:\/\/formulastudent.uni-paderborn.de\/partner\/\",\"name\":\"Partner - UPBracing Team\",\"isPartOf\":{\"@id\":\"https:\/\/formulastudent.uni-paderborn.de\/#website\"},\"primaryImageOfPage\":{\"@id\":\"https:\/\/formulastudent.uni-paderborn.de\/partner\/#primaryimage\"},\"image\":{\"@id\":\"https:\/\/formulastudent.uni-paderborn.de\/partner\/#primaryimage\"},\"thumbnailUrl\":\"https:\/\/formulastudent.uni-paderborn.de\/wp-content\/uploads\/2020\/01\/wallpaper-6-1024x683.jpg\",\"datePublished\":\"2020-01-04T23:35:30+00:00\",\"dateModified\":\"2023-03-29T13:44:54+00:00\",\"breadcrumb\":{\"@id\":\"https:\/\/formulastudent.uni-paderborn.de\/partner\/#breadcrumb\"},\"inLanguage\":\"en-GB\",\"potentialAction\":[{\"@type\":\"ReadAction\",\"target\":[\"https:\/\/formulastudent.uni-paderborn.de\/partner\/\"]}]},{\"@type\":\"ImageObject\",\"inLanguage\":\"en-GB\",\"@id\":\"https:\/\/formulastudent.uni-paderborn.de\/partner\/#primaryimage\",\"url\":\"https:\/\/formulastudent.uni-paderborn.de\/wp-content\/uploads\/2020\/01\/wallpaper-6-1024x683.jpg\",\"contentUrl\":\"https:\/\/formulastudent.uni-paderborn.de\/wp-content\/uploads\/2020\/01\/wallpaper-6-1024x683.jpg\"},{\"@type\":\"BreadcrumbList\",\"@id\":\"https:\/\/formulastudent.uni-paderborn.de\/partner\/#breadcrumb\",\"itemListElement\":[{\"@type\":\"ListItem\",\"position\":1,\"name\":\"Startseite\",\"item\":\"https:\/\/formulastudent.uni-paderborn.de\/\"},{\"@type\":\"ListItem\",\"position\":2,\"name\":\"Partner\"}]},{\"@type\":\"WebSite\",\"@id\":\"https:\/\/formulastudent.uni-paderborn.de\/#website\",\"url\":\"https:\/\/formulastudent.uni-paderborn.de\/\",\"name\":\"UPBracing Team\",\"description\":\"Formula Student Team der Universit\u00e4t Paderborn\",\"publisher\":{\"@id\":\"https:\/\/formulastudent.uni-paderborn.de\/#organization\"},\"potentialAction\":[{\"@type\":\"SearchAction\",\"target\":{\"@type\":\"EntryPoint\",\"urlTemplate\":\"https:\/\/formulastudent.uni-paderborn.de\/?s={search_term_string}\"},\"query-input\":{\"@type\":\"PropertyValueSpecification\",\"valueRequired\":true,\"valueName\":\"search_term_string\"}}],\"inLanguage\":\"en-GB\"},{\"@type\":\"Organization\",\"@id\":\"https:\/\/formulastudent.uni-paderborn.de\/#organization\",\"name\":\"UPBracing Team\",\"url\":\"https:\/\/formulastudent.uni-paderborn.de\/\",\"logo\":{\"@type\":\"ImageObject\",\"inLanguage\":\"en-GB\",\"@id\":\"https:\/\/formulastudent.uni-paderborn.de\/#\/schema\/logo\/image\/\",\"url\":\"https:\/\/formulastudent.uni-paderborn.de\/wp-content\/uploads\/2020\/01\/UPBracing_logo_wei\u00df.png\",\"contentUrl\":\"https:\/\/formulastudent.uni-paderborn.de\/wp-content\/uploads\/2020\/01\/UPBracing_logo_wei\u00df.png\",\"width\":2690,\"height\":1188,\"caption\":\"UPBracing Team\"},\"image\":{\"@id\":\"https:\/\/formulastudent.uni-paderborn.de\/#\/schema\/logo\/image\/\"},\"sameAs\":[\"https:\/\/www.facebook.com\/UPBracingTeam\/\",\"https:\/\/www.instagram.com\/upbracing_team\/\",\"https:\/\/www.tiktok.com\/@upbracing_team\",\"https:\/\/www.youtube.com\/channel\/UC_FefZO_S6IYQmXhJughTHA\"]}]}<\/script>\n<!-- \/ Yoast SEO plugin. -->","yoast_head_json":{"title":"Partner - UPBracing Team","robots":{"index":"index","follow":"follow","max-snippet":"max-snippet:-1","max-image-preview":"max-image-preview:large","max-video-preview":"max-video-preview:-1"},"canonical":"https:\/\/formulastudent.uni-paderborn.de\/en\/partner\/","og_locale":"en_GB","og_type":"article","og_title":"Partner - UPBracing Team","og_description":"Vorteile als Partner des UPBracing Teams Kontakt zu engagierten, praxiserfahrenen, zuk\u00fcnftigen Ingenieur*innen und F\u00fchrungskr\u00e4ften Werbewirkung regional, national und international Zusammenarbeit bei der Realisierung innovativer Fertigungsverfahren Partizipation in unserem Partnernetzwerk Wahrnehmung in technischem Fachpublikum Nachwuchsf\u00f6rderung Sie haben Interesse das UPBracing Team zu unterst\u00fctzen? Kontaktieren Sie uns!","og_url":"https:\/\/formulastudent.uni-paderborn.de\/en\/partner\/","og_site_name":"UPBracing Team","article_publisher":"https:\/\/www.facebook.com\/UPBracingTeam\/","article_modified_time":"2023-03-29T13:44:54+00:00","og_image":[{"width":2560,"height":1707,"url":"https:\/\/formulastudent.uni-paderborn.de\/wp-content\/uploads\/2020\/01\/wallpaper-6-scaled.jpg","type":"image\/jpeg"}],"twitter_card":"summary_large_image","schema":{"@context":"https:\/\/schema.org","@graph":[{"@type":"WebPage","@id":"https:\/\/formulastudent.uni-paderborn.de\/partner\/","url":"https:\/\/formulastudent.uni-paderborn.de\/partner\/","name":"Partner - UPBracing Team","isPartOf":{"@id":"https:\/\/formulastudent.uni-paderborn.de\/#website"},"primaryImageOfPage":{"@id":"https:\/\/formulastudent.uni-paderborn.de\/partner\/#primaryimage"},"image":{"@id":"https:\/\/formulastudent.uni-paderborn.de\/partner\/#primaryimage"},"thumbnailUrl":"https:\/\/formulastudent.uni-paderborn.de\/wp-content\/uploads\/2020\/01\/wallpaper-6-1024x683.jpg","datePublished":"2020-01-04T23:35:30+00:00","dateModified":"2023-03-29T13:44:54+00:00","breadcrumb":{"@id":"https:\/\/formulastudent.uni-paderborn.de\/partner\/#breadcrumb"},"inLanguage":"en-GB","potentialAction":[{"@type":"ReadAction","target":["https:\/\/formulastudent.uni-paderborn.de\/partner\/"]}]},{"@type":"ImageObject","inLanguage":"en-GB","@id":"https:\/\/formulastudent.uni-paderborn.de\/partner\/#primaryimage","url":"https:\/\/formulastudent.uni-paderborn.de\/wp-content\/uploads\/2020\/01\/wallpaper-6-1024x683.jpg","contentUrl":"https:\/\/formulastudent.uni-paderborn.de\/wp-content\/uploads\/2020\/01\/wallpaper-6-1024x683.jpg"},{"@type":"BreadcrumbList","@id":"https:\/\/formulastudent.uni-paderborn.de\/partner\/#breadcrumb","itemListElement":[{"@type":"ListItem","position":1,"name":"Startseite","item":"https:\/\/formulastudent.uni-paderborn.de\/"},{"@type":"ListItem","position":2,"name":"Partner"}]},{"@type":"WebSite","@id":"https:\/\/formulastudent.uni-paderborn.de\/#website","url":"https:\/\/formulastudent.uni-paderborn.de\/","name":"UPBracing Team","description":"Formula Student Team der Universit\u00e4t Paderborn","publisher":{"@id":"https:\/\/formulastudent.uni-paderborn.de\/#organization"},"potentialAction":[{"@type":"SearchAction","target":{"@type":"EntryPoint","urlTemplate":"https:\/\/formulastudent.uni-paderborn.de\/?s={search_term_string}"},"query-input":{"@type":"PropertyValueSpecification","valueRequired":true,"valueName":"search_term_string"}}],"inLanguage":"en-GB"},{"@type":"Organization","@id":"https:\/\/formulastudent.uni-paderborn.de\/#organization","name":"UPBracing Team","url":"https:\/\/formulastudent.uni-paderborn.de\/","logo":{"@type":"ImageObject","inLanguage":"en-GB","@id":"https:\/\/formulastudent.uni-paderborn.de\/#\/schema\/logo\/image\/","url":"https:\/\/formulastudent.uni-paderborn.de\/wp-content\/uploads\/2020\/01\/UPBracing_logo_wei\u00df.png","contentUrl":"https:\/\/formulastudent.uni-paderborn.de\/wp-content\/uploads\/2020\/01\/UPBracing_logo_wei\u00df.png","width":2690,"height":1188,"caption":"UPBracing Team"},"image":{"@id":"https:\/\/formulastudent.uni-paderborn.de\/#\/schema\/logo\/image\/"},"sameAs":["https:\/\/www.facebook.com\/UPBracingTeam\/","https:\/\/www.instagram.com\/upbracing_team\/","https:\/\/www.tiktok.com\/@upbracing_team","https:\/\/www.youtube.com\/channel\/UC_FefZO_S6IYQmXhJughTHA"]}]}},"_links":{"self":[{"href":"https:\/\/formulastudent.uni-paderborn.de\/en\/wp-json\/wp\/v2\/pages\/403","targetHints":{"allow":["GET"]}}],"collection":[{"href":"https:\/\/formulastudent.uni-paderborn.de\/en\/wp-json\/wp\/v2\/pages"}],"about":[{"href":"https:\/\/formulastudent.uni-paderborn.de\/en\/wp-json\/wp\/v2\/types\/page"}],"author":[{"embeddable":true,"href":"https:\/\/formulastudent.uni-paderborn.de\/en\/wp-json\/wp\/v2\/users\/24"}],"replies":[{"embeddable":true,"href":"https:\/\/formulastudent.uni-paderborn.de\/en\/wp-json\/wp\/v2\/comments?post=403"}],"version-history":[{"count":51,"href":"https:\/\/formulastudent.uni-paderborn.de\/en\/wp-json\/wp\/v2\/pages\/403\/revisions"}],"predecessor-version":[{"id":7044,"href":"https:\/\/formulastudent.uni-paderborn.de\/en\/wp-json\/wp\/v2\/pages\/403\/revisions\/7044"}],"wp:attachment":[{"href":"https:\/\/formulastudent.uni-paderborn.de\/en\/wp-json\/wp\/v2\/media?parent=403"}],"curies":[{"name":"wp","href":"https:\/\/api.w.org\/{rel}","templated":true}]}}